{"id":9831,"date":"2025-03-18T12:49:27","date_gmt":"2025-03-18T11:49:27","guid":{"rendered":"https:\/\/apartmaji-banovci.si\/?page_id=9831"},"modified":"2025-03-27T14:45:07","modified_gmt":"2025-03-27T13:45:07","slug":"rafting-na-reki-muri","status":"publish","type":"page","link":"https:\/\/apartmaji-banovci.si\/en\/rafting-na-reki-muri\/","title":{"rendered":"Rafting on the Mura River"},"content":{"rendered":"<div data-elementor-type=\"wp-page\" data-elementor-id=\"9831\" class=\"elementor elementor-9831\" data-elementor-post-type=\"page\">\n\t\t\t\t\t\t<section class=\"elementor-section elementor-top-section elementor-element elementor-element-90b03ec elementor-section-boxed elementor-section-height-default elementor-section-height-default\" data-id=\"90b03ec\" data-element_type=\"section\" data-e-type=\"section\">\n\t\t\t\t\t\t<div class=\"elementor-container elementor-column-gap-default\">\n\t\t\t\t\t<div class=\"elementor-column elementor-col-100 elementor-top-column elementor-element elementor-element-68a78c6\" data-id=\"68a78c6\" data-element_type=\"column\" data-e-type=\"column\">\n\t\t\t<div class=\"elementor-widget-wrap elementor-element-populated\">\n\t\t\t\t\t\t<div class=\"elementor-element elementor-element-a463c6b elementor-arrows-position-inside elementor-pagination-position-outside elementor-widget elementor-widget-image-carousel\" data-id=\"a463c6b\" data-element_type=\"widget\" data-e-type=\"widget\" data-settings=\"{&quot;slides_to_show&quot;:&quot;2&quot;,&quot;navigation&quot;:&quot;both&quot;,&quot;autoplay&quot;:&quot;yes&quot;,&quot;pause_on_hover&quot;:&quot;yes&quot;,&quot;pause_on_interaction&quot;:&quot;yes&quot;,&quot;autoplay_speed&quot;:5000,&quot;infinite&quot;:&quot;yes&quot;,&quot;speed&quot;:500,&quot;image_spacing_custom&quot;:{&quot;unit&quot;:&quot;px&quot;,&quot;size&quot;:20,&quot;sizes&quot;:[]},&quot;image_spacing_custom_tablet&quot;:{&quot;unit&quot;:&quot;px&quot;,&quot;size&quot;:&quot;&quot;,&quot;sizes&quot;:[]},&quot;image_spacing_custom_mobile&quot;:{&quot;unit&quot;:&quot;px&quot;,&quot;size&quot;:&quot;&quot;,&quot;sizes&quot;:[]}}\" data-widget_type=\"image-carousel.default\">\n\t\t\t\t\t\t\t<div class=\"elementor-image-carousel-wrapper swiper\" role=\"region\" aria-roledescription=\"carousel\" aria-label=\"Image Carousel\" dir=\"ltr\">\n\t\t\t<div class=\"elementor-image-carousel swiper-wrapper swiper-image-stretch\" aria-live=\"off\">\n\t\t\t\t\t\t\t\t<div class=\"swiper-slide\" role=\"group\" aria-roledescription=\"slide\" aria-label=\"1 of 1\" data-no-translation-aria-label=\"\"><figure class=\"swiper-slide-inner\"><img decoding=\"async\" class=\"swiper-slide-image\" src=\"https:\/\/apartmaji-banovci.si\/wp-content\/uploads\/elementor\/thumbs\/spust-po-reki-muri-pl6lrvmumsucud4nkcs59y84bbqx975i3il4tq6qo8.jpg\" alt=\"spust-po-reki-muri\" \/><\/figure><\/div>\t\t\t<\/div>\n\t\t\t\t\t<\/div>\n\t\t\t\t\t\t<\/div>\n\t\t\t\t\t<\/div>\n\t\t<\/div>\n\t\t\t\t\t<\/div>\n\t\t<\/section>\n\t\t\t\t<section class=\"elementor-section elementor-top-section elementor-element elementor-element-ae3bb0b elementor-section-stretched elementor-section-boxed elementor-section-height-default elementor-section-height-default\" data-id=\"ae3bb0b\" data-element_type=\"section\" data-e-type=\"section\" data-settings=\"{&quot;stretch_section&quot;:&quot;section-stretched&quot;,&quot;background_background&quot;:&quot;classic&quot;}\">\n\t\t\t\t\t\t<div class=\"elementor-container elementor-column-gap-default\">\n\t\t\t\t\t<div class=\"elementor-column elementor-col-33 elementor-top-column elementor-element elementor-element-b477003\" data-id=\"b477003\" data-element_type=\"column\" data-e-type=\"column\">\n\t\t\t<div class=\"elementor-widget-wrap elementor-element-populated\">\n\t\t\t\t\t\t<div class=\"elementor-element elementor-element-64bbf4f elementor-view-default elementor-position-block-start elementor-mobile-position-block-start elementor-widget elementor-widget-icon-box\" data-id=\"64bbf4f\" data-element_type=\"widget\" data-e-type=\"widget\" data-widget_type=\"icon-box.default\">\n\t\t\t\t\t\t\t<div class=\"elementor-icon-box-wrapper\">\n\n\t\t\t\t\t\t<div class=\"elementor-icon-box-icon\">\n\t\t\t\t<span  class=\"elementor-icon\">\n\t\t\t\t<svg aria-hidden=\"true\" class=\"e-font-icon-svg e-fas-hourglass-half\" viewbox=\"0 0 384 512\" xmlns=\"http:\/\/www.w3.org\/2000\/svg\"><path d=\"M360 0H24C10.745 0 0 10.745 0 24v16c0 13.255 10.745 24 24 24 0 90.965 51.016 167.734 120.842 192C75.016 280.266 24 357.035 24 448c-13.255 0-24 10.745-24 24v16c0 13.255 10.745 24 24 24h336c13.255 0 24-10.745 24-24v-16c0-13.255-10.745-24-24-24 0-90.965-51.016-167.734-120.842-192C308.984 231.734 360 154.965 360 64c13.255 0 24-10.745 24-24V24c0-13.255-10.745-24-24-24zm-75.078 384H99.08c17.059-46.797 52.096-80 92.92-80 40.821 0 75.862 33.196 92.922 80zm.019-256H99.078C91.988 108.548 88 86.748 88 64h208c0 22.805-3.987 44.587-11.059 64z\"><\/path><\/svg>\t\t\t\t<\/span>\n\t\t\t<\/div>\n\t\t\t\n\t\t\t\t\t\t<div class=\"elementor-icon-box-content\">\n\n\t\t\t\t\t\t\t\t\t<h3 class=\"elementor-icon-box-title\">\n\t\t\t\t\t\t<span  >\n\t\t\t\t\t\t\tDuration\t\t\t\t\t\t<\/span>\n\t\t\t\t\t<\/h3>\n\t\t\t\t\n\t\t\t\t\t\t\t\t\t<p class=\"elementor-icon-box-description\">\n\t\t\t\t\t\t1 hour - 2.5 hours\t\t\t\t\t<\/p>\n\t\t\t\t\n\t\t\t<\/div>\n\t\t\t\n\t\t<\/div>\n\t\t\t\t\t\t<\/div>\n\t\t\t\t\t<\/div>\n\t\t<\/div>\n\t\t\t\t<div class=\"elementor-column elementor-col-33 elementor-top-column elementor-element elementor-element-74df9d4\" data-id=\"74df9d4\" data-element_type=\"column\" data-e-type=\"column\">\n\t\t\t<div class=\"elementor-widget-wrap elementor-element-populated\">\n\t\t\t\t\t\t<div class=\"elementor-element elementor-element-13fd7c0 elementor-view-default elementor-position-block-start elementor-mobile-position-block-start elementor-widget elementor-widget-icon-box\" data-id=\"13fd7c0\" data-element_type=\"widget\" data-e-type=\"widget\" data-widget_type=\"icon-box.default\">\n\t\t\t\t\t\t\t<div class=\"elementor-icon-box-wrapper\">\n\n\t\t\t\t\t\t<div class=\"elementor-icon-box-icon\">\n\t\t\t\t<span  class=\"elementor-icon\">\n\t\t\t\t<svg aria-hidden=\"true\" class=\"e-font-icon-svg e-fas-male\" viewbox=\"0 0 192 512\" xmlns=\"http:\/\/www.w3.org\/2000\/svg\"><path d=\"M96 0c35.346 0 64 28.654 64 64s-28.654 64-64 64-64-28.654-64-64S60.654 0 96 0m48 144h-11.36c-22.711 10.443-49.59 10.894-73.28 0H48c-26.51 0-48 21.49-48 48v136c0 13.255 10.745 24 24 24h16v136c0 13.255 10.745 24 24 24h64c13.255 0 24-10.745 24-24V352h16c13.255 0 24-10.745 24-24V192c0-26.51-21.49-48-48-48z\"><\/path><\/svg>\t\t\t\t<\/span>\n\t\t\t<\/div>\n\t\t\t\n\t\t\t\t\t\t<div class=\"elementor-icon-box-content\">\n\n\t\t\t\t\t\t\t\t\t<h3 class=\"elementor-icon-box-title\">\n\t\t\t\t\t\t<span  >\n\t\t\t\t\t\t\tNumber of people\t\t\t\t\t\t<\/span>\n\t\t\t\t\t<\/h3>\n\t\t\t\t\n\t\t\t\t\t\t\t\t\t<p class=\"elementor-icon-box-description\">\n\t\t\t\t\t\t5 - 20\t\t\t\t\t<\/p>\n\t\t\t\t\n\t\t\t<\/div>\n\t\t\t\n\t\t<\/div>\n\t\t\t\t\t\t<\/div>\n\t\t\t\t\t<\/div>\n\t\t<\/div>\n\t\t\t\t<div class=\"elementor-column elementor-col-33 elementor-top-column elementor-element elementor-element-ac34979\" data-id=\"ac34979\" data-element_type=\"column\" data-e-type=\"column\">\n\t\t\t<div class=\"elementor-widget-wrap elementor-element-populated\">\n\t\t\t\t\t\t<div class=\"elementor-element elementor-element-585169c elementor-view-default elementor-position-block-start elementor-mobile-position-block-start elementor-widget elementor-widget-icon-box\" data-id=\"585169c\" data-element_type=\"widget\" data-e-type=\"widget\" data-widget_type=\"icon-box.default\">\n\t\t\t\t\t\t\t<div class=\"elementor-icon-box-wrapper\">\n\n\t\t\t\t\t\t<div class=\"elementor-icon-box-icon\">\n\t\t\t\t<span  class=\"elementor-icon\">\n\t\t\t\t<svg aria-hidden=\"true\" class=\"e-font-icon-svg e-fas-euro-sign\" viewbox=\"0 0 320 512\" xmlns=\"http:\/\/www.w3.org\/2000\/svg\"><path d=\"M310.706 413.765c-1.314-6.63-7.835-10.872-14.424-9.369-10.692 2.439-27.422 5.413-45.426 5.413-56.763 0-101.929-34.79-121.461-85.449h113.689a12 12 0 0 0 11.708-9.369l6.373-28.36c1.686-7.502-4.019-14.631-11.708-14.631H115.22c-1.21-14.328-1.414-28.287.137-42.245H261.95a12 12 0 0 0 11.723-9.434l6.512-29.755c1.638-7.484-4.061-14.566-11.723-14.566H130.184c20.633-44.991 62.69-75.03 117.619-75.03 14.486 0 28.564 2.25 37.851 4.145 6.216 1.268 12.347-2.498 14.002-8.623l11.991-44.368c1.822-6.741-2.465-13.616-9.326-14.917C290.217 34.912 270.71 32 249.635 32 152.451 32 74.03 92.252 45.075 176H12c-6.627 0-12 5.373-12 12v29.755c0 6.627 5.373 12 12 12h21.569c-1.009 13.607-1.181 29.287-.181 42.245H12c-6.627 0-12 5.373-12 12v28.36c0 6.627 5.373 12 12 12h30.114C67.139 414.692 145.264 480 249.635 480c26.301 0 48.562-4.544 61.101-7.788 6.167-1.595 10.027-7.708 8.788-13.957l-8.818-44.49z\"><\/path><\/svg>\t\t\t\t<\/span>\n\t\t\t<\/div>\n\t\t\t\n\t\t\t\t\t\t<div class=\"elementor-icon-box-content\">\n\n\t\t\t\t\t\t\t\t\t<h3 class=\"elementor-icon-box-title\">\n\t\t\t\t\t\t<span  >\n\t\t\t\t\t\t\tPrice\t\t\t\t\t\t<\/span>\n\t\t\t\t\t<\/h3>\n\t\t\t\t\n\t\t\t\t\t\t\t\t\t<p class=\"elementor-icon-box-description\">\n\t\t\t\t\t\tFrom 26\u20ac\/person\t\t\t\t\t<\/p>\n\t\t\t\t\n\t\t\t<\/div>\n\t\t\t\n\t\t<\/div>\n\t\t\t\t\t\t<\/div>\n\t\t\t\t\t<\/div>\n\t\t<\/div>\n\t\t\t\t\t<\/div>\n\t\t<\/section>\n\t\t\t\t<section class=\"elementor-section elementor-top-section elementor-element elementor-element-9068e12 elementor-section-boxed elementor-section-height-default elementor-section-height-default\" data-id=\"9068e12\" data-element_type=\"section\" data-e-type=\"section\" data-settings=\"{&quot;background_background&quot;:&quot;classic&quot;}\">\n\t\t\t\t\t\t<div class=\"elementor-container elementor-column-gap-default\">\n\t\t\t\t\t<div class=\"elementor-column elementor-col-100 elementor-top-column elementor-element elementor-element-574cfa8\" data-id=\"574cfa8\" data-element_type=\"column\" data-e-type=\"column\">\n\t\t\t<div class=\"elementor-widget-wrap elementor-element-populated\">\n\t\t\t\t\t\t<div class=\"elementor-element elementor-element-6514314 elementor-widget elementor-widget-text-editor\" data-id=\"6514314\" data-element_type=\"widget\" data-e-type=\"widget\" data-widget_type=\"text-editor.default\">\n\t\t\t\t\t\t\t\t\t<h3><strong>What do I need?<\/strong><\/h3><p>Towels, swimsuits and dry clothes to change into after the trip. The price includes the organization and management of the descent with a professional guide, as well as a life jacket and paddle.<\/p>\t\t\t\t\t\t\t\t<\/div>\n\t\t\t\t<div class=\"elementor-element elementor-element-f1df7d8 elementor-widget elementor-widget-text-editor\" data-id=\"f1df7d8\" data-element_type=\"widget\" data-e-type=\"widget\" data-widget_type=\"text-editor.default\">\n\t\t\t\t\t\t\t\t\t<h3><strong>Price list<\/strong><\/h3>\t\t\t\t\t\t\t\t<\/div>\n\t\t\t\t\t<\/div>\n\t\t<\/div>\n\t\t\t\t\t<\/div>\n\t\t<\/section>\n\t\t\t\t<section class=\"elementor-section elementor-top-section elementor-element elementor-element-6664aa8 elementor-section-boxed elementor-section-height-default elementor-section-height-default\" data-id=\"6664aa8\" data-element_type=\"section\" data-e-type=\"section\" data-settings=\"{&quot;background_background&quot;:&quot;classic&quot;}\">\n\t\t\t\t\t\t<div class=\"elementor-container elementor-column-gap-default\">\n\t\t\t\t\t<div class=\"elementor-column elementor-col-100 elementor-top-column elementor-element elementor-element-9d703aa\" data-id=\"9d703aa\" data-element_type=\"column\" data-e-type=\"column\">\n\t\t\t<div class=\"elementor-widget-wrap elementor-element-populated\">\n\t\t\t\t\t\t<div class=\"elementor-element elementor-element-c3ebcdb elementor-widget elementor-widget-text-editor\" data-id=\"c3ebcdb\" data-element_type=\"widget\" data-e-type=\"widget\" data-widget_type=\"text-editor.default\">\n\t\t\t\t\t\t\t\t\t<h3><strong>Additional options \u2013 price list<\/strong><\/h3>\t\t\t\t\t\t\t\t<\/div>\n\t\t\t\t\t<\/div>\n\t\t<\/div>\n\t\t\t\t\t<\/div>\n\t\t<\/section>\n\t\t\t\t<section class=\"elementor-section elementor-top-section elementor-element elementor-element-b020ee8 elementor-section-boxed elementor-section-height-default elementor-section-height-default\" data-id=\"b020ee8\" data-element_type=\"section\" data-e-type=\"section\">\n\t\t\t\t\t\t<div class=\"elementor-container elementor-column-gap-default\">\n\t\t\t\t\t<div class=\"elementor-column elementor-col-100 elementor-top-column elementor-element elementor-element-ced5d0a\" data-id=\"ced5d0a\" data-element_type=\"column\" data-e-type=\"column\">\n\t\t\t<div class=\"elementor-widget-wrap elementor-element-populated\">\n\t\t\t\t\t\t<div class=\"elementor-element elementor-element-8408aff elementor-widget elementor-widget-html\" data-id=\"8408aff\" data-element_type=\"widget\" data-e-type=\"widget\" data-widget_type=\"html.default\">\n\t\t\t\t\t<style>.elementor-element-8408aff{display:none !important}<\/style>\t\t\t\t<\/div>\n\t\t\t\t<div class=\"elementor-element elementor-element-3e8840e elementor-widget elementor-widget-html\" data-id=\"3e8840e\" data-element_type=\"widget\" data-e-type=\"widget\" data-widget_type=\"html.default\">\n\t\t\t\t\t<style>.elementor-element-3e8840e{display:none !important}<\/style>\t\t\t\t<\/div>\n\t\t\t\t\t<\/div>\n\t\t<\/div>\n\t\t\t\t\t<\/div>\n\t\t<\/section>\n\t\t\t\t<\/div>","protected":false},"excerpt":{"rendered":"<p>Trajanje 1h &#8211; 2,5h \u0160tevil oseb 5 &#8211; 20 Cena Od 26\u20ac\/osebo Kaj potrebujem? Brisa\u010de, kopalke in suha obla\u010dila, da se po izletu lahko preoble\u010dete. V ceno je vklju\u010dena organizacija in vodenje spusta s profesionalnim vodnikom ter re\u0161ilni jopi\u010d in veslo. Cenik Krog &#8211; I\u017eakovci (Otok ljubezni)26\u20ac\/osebo Trajanje: 1h &#8211; 1,5h Krog &#8211; Gornja Bistrica28\u20ac\/osebo [&hellip;]<\/p>\n","protected":false},"author":5,"featured_media":0,"parent":0,"menu_order":0,"comment_status":"closed","ping_status":"closed","template":"","meta":{"footnotes":""},"class_list":["post-9831","page","type-page","status-publish","hentry"],"yoast_head":"<!-- This site is optimized with the Yoast SEO plugin v27.4 - https:\/\/yoast.com\/product\/yoast-seo-wordpress\/ -->\n<title>Rafting na reki Muri - Apartmaji Sunrise Banovci<\/title>\n<meta name=\"robots\" content=\"index, follow, max-snippet:-1, max-image-preview:large, max-video-preview:-1\" \/>\n<link rel=\"canonical\" href=\"https:\/\/apartmaji-banovci.si\/en\/rafting-na-reki-muri\/\" \/>\n<meta property=\"og:locale\" content=\"en_GB\" \/>\n<meta property=\"og:type\" content=\"article\" \/>\n<meta property=\"og:title\" content=\"Rafting na reki Muri - Apartmaji Sunrise Banovci\" \/>\n<meta property=\"og:description\" content=\"Trajanje 1h &#8211; 2,5h \u0160tevil oseb 5 &#8211; 20 Cena Od 26\u20ac\/osebo Kaj potrebujem? Brisa\u010de, kopalke in suha obla\u010dila, da se po izletu lahko preoble\u010dete. V ceno je vklju\u010dena organizacija in vodenje spusta s profesionalnim vodnikom ter re\u0161ilni jopi\u010d in veslo. Cenik Krog &#8211; I\u017eakovci (Otok ljubezni)26\u20ac\/osebo Trajanje: 1h &#8211; 1,5h Krog &#8211; Gornja Bistrica28\u20ac\/osebo [&hellip;]\" \/>\n<meta property=\"og:url\" content=\"https:\/\/apartmaji-banovci.si\/en\/rafting-na-reki-muri\/\" \/>\n<meta property=\"og:site_name\" content=\"Apartmaji Sunrise Banovci\" \/>\n<meta property=\"article:publisher\" content=\"https:\/\/www.facebook.com\/sunrisebanovci\/\" \/>\n<meta property=\"article:modified_time\" content=\"2025-03-27T13:45:07+00:00\" \/>\n<meta property=\"og:image\" content=\"https:\/\/apartmaji-banovci.si\/wp-content\/uploads\/elementor\/thumbs\/spust-po-reki-muri-pl6lrvmumsucud4nkcs59y84bbqx975i3il4tq6qo8.jpg\" \/>\n<meta name=\"twitter:card\" content=\"summary_large_image\" \/>\n<meta name=\"twitter:label1\" content=\"Estimated reading time\" \/>\n\t<meta name=\"twitter:data1\" content=\"1 minute\" \/>\n<script type=\"application\/ld+json\" class=\"yoast-schema-graph\">{\"@context\":\"https:\\\/\\\/schema.org\",\"@graph\":[{\"@type\":\"WebPage\",\"@id\":\"https:\\\/\\\/apartmaji-banovci.si\\\/rafting-na-reki-muri\\\/\",\"url\":\"https:\\\/\\\/apartmaji-banovci.si\\\/rafting-na-reki-muri\\\/\",\"name\":\"Rafting na reki Muri - Apartmaji Sunrise Banovci\",\"isPartOf\":{\"@id\":\"https:\\\/\\\/apartmaji-banovci.si\\\/#website\"},\"primaryImageOfPage\":{\"@id\":\"https:\\\/\\\/apartmaji-banovci.si\\\/rafting-na-reki-muri\\\/#primaryimage\"},\"image\":{\"@id\":\"https:\\\/\\\/apartmaji-banovci.si\\\/rafting-na-reki-muri\\\/#primaryimage\"},\"thumbnailUrl\":\"https:\\\/\\\/apartmaji-banovci.si\\\/wp-content\\\/uploads\\\/elementor\\\/thumbs\\\/spust-po-reki-muri-pl6lrvmumsucud4nkcs59y84bbqx975i3il4tq6qo8.jpg\",\"datePublished\":\"2025-03-18T11:49:27+00:00\",\"dateModified\":\"2025-03-27T13:45:07+00:00\",\"breadcrumb\":{\"@id\":\"https:\\\/\\\/apartmaji-banovci.si\\\/rafting-na-reki-muri\\\/#breadcrumb\"},\"inLanguage\":\"en-GB\",\"potentialAction\":[{\"@type\":\"ReadAction\",\"target\":[\"https:\\\/\\\/apartmaji-banovci.si\\\/rafting-na-reki-muri\\\/\"]}]},{\"@type\":\"ImageObject\",\"inLanguage\":\"en-GB\",\"@id\":\"https:\\\/\\\/apartmaji-banovci.si\\\/rafting-na-reki-muri\\\/#primaryimage\",\"url\":\"https:\\\/\\\/apartmaji-banovci.si\\\/wp-content\\\/uploads\\\/elementor\\\/thumbs\\\/spust-po-reki-muri-pl6lrvmumsucud4nkcs59y84bbqx975i3il4tq6qo8.jpg\",\"contentUrl\":\"https:\\\/\\\/apartmaji-banovci.si\\\/wp-content\\\/uploads\\\/elementor\\\/thumbs\\\/spust-po-reki-muri-pl6lrvmumsucud4nkcs59y84bbqx975i3il4tq6qo8.jpg\"},{\"@type\":\"BreadcrumbList\",\"@id\":\"https:\\\/\\\/apartmaji-banovci.si\\\/rafting-na-reki-muri\\\/#breadcrumb\",\"itemListElement\":[{\"@type\":\"ListItem\",\"position\":1,\"name\":\"Home\",\"item\":\"https:\\\/\\\/apartmaji-banovci.si\\\/\"},{\"@type\":\"ListItem\",\"position\":2,\"name\":\"Rafting na reki Muri\"}]},{\"@type\":\"WebSite\",\"@id\":\"https:\\\/\\\/apartmaji-banovci.si\\\/#website\",\"url\":\"https:\\\/\\\/apartmaji-banovci.si\\\/\",\"name\":\"Apartmaji Sunrise Banovci\",\"description\":\"Apartmaji Banovci\",\"potentialAction\":[{\"@type\":\"SearchAction\",\"target\":{\"@type\":\"EntryPoint\",\"urlTemplate\":\"https:\\\/\\\/apartmaji-banovci.si\\\/?s={search_term_string}\"},\"query-input\":{\"@type\":\"PropertyValueSpecification\",\"valueRequired\":true,\"valueName\":\"search_term_string\"}}],\"inLanguage\":\"en-GB\"}]}<\/script>\n<!-- \/ Yoast SEO plugin. -->","yoast_head_json":{"title":"Rafting na reki Muri - Apartmaji Sunrise Banovci","robots":{"index":"index","follow":"follow","max-snippet":"max-snippet:-1","max-image-preview":"max-image-preview:large","max-video-preview":"max-video-preview:-1"},"canonical":"https:\/\/apartmaji-banovci.si\/en\/rafting-na-reki-muri\/","og_locale":"en_GB","og_type":"article","og_title":"Rafting na reki Muri - Apartmaji Sunrise Banovci","og_description":"Trajanje 1h &#8211; 2,5h \u0160tevil oseb 5 &#8211; 20 Cena Od 26\u20ac\/osebo Kaj potrebujem? Brisa\u010de, kopalke in suha obla\u010dila, da se po izletu lahko preoble\u010dete. V ceno je vklju\u010dena organizacija in vodenje spusta s profesionalnim vodnikom ter re\u0161ilni jopi\u010d in veslo. Cenik Krog &#8211; I\u017eakovci (Otok ljubezni)26\u20ac\/osebo Trajanje: 1h &#8211; 1,5h Krog &#8211; Gornja Bistrica28\u20ac\/osebo [&hellip;]","og_url":"https:\/\/apartmaji-banovci.si\/en\/rafting-na-reki-muri\/","og_site_name":"Apartmaji Sunrise Banovci","article_publisher":"https:\/\/www.facebook.com\/sunrisebanovci\/","article_modified_time":"2025-03-27T13:45:07+00:00","og_image":[{"url":"https:\/\/apartmaji-banovci.si\/wp-content\/uploads\/elementor\/thumbs\/spust-po-reki-muri-pl6lrvmumsucud4nkcs59y84bbqx975i3il4tq6qo8.jpg","type":"","width":"","height":""}],"twitter_card":"summary_large_image","twitter_misc":{"Estimated reading time":"1 minute"},"schema":{"@context":"https:\/\/schema.org","@graph":[{"@type":"WebPage","@id":"https:\/\/apartmaji-banovci.si\/rafting-na-reki-muri\/","url":"https:\/\/apartmaji-banovci.si\/rafting-na-reki-muri\/","name":"Rafting na reki Muri - Apartmaji Sunrise Banovci","isPartOf":{"@id":"https:\/\/apartmaji-banovci.si\/#website"},"primaryImageOfPage":{"@id":"https:\/\/apartmaji-banovci.si\/rafting-na-reki-muri\/#primaryimage"},"image":{"@id":"https:\/\/apartmaji-banovci.si\/rafting-na-reki-muri\/#primaryimage"},"thumbnailUrl":"https:\/\/apartmaji-banovci.si\/wp-content\/uploads\/elementor\/thumbs\/spust-po-reki-muri-pl6lrvmumsucud4nkcs59y84bbqx975i3il4tq6qo8.jpg","datePublished":"2025-03-18T11:49:27+00:00","dateModified":"2025-03-27T13:45:07+00:00","breadcrumb":{"@id":"https:\/\/apartmaji-banovci.si\/rafting-na-reki-muri\/#breadcrumb"},"inLanguage":"en-GB","potentialAction":[{"@type":"ReadAction","target":["https:\/\/apartmaji-banovci.si\/rafting-na-reki-muri\/"]}]},{"@type":"ImageObject","inLanguage":"en-GB","@id":"https:\/\/apartmaji-banovci.si\/rafting-na-reki-muri\/#primaryimage","url":"https:\/\/apartmaji-banovci.si\/wp-content\/uploads\/elementor\/thumbs\/spust-po-reki-muri-pl6lrvmumsucud4nkcs59y84bbqx975i3il4tq6qo8.jpg","contentUrl":"https:\/\/apartmaji-banovci.si\/wp-content\/uploads\/elementor\/thumbs\/spust-po-reki-muri-pl6lrvmumsucud4nkcs59y84bbqx975i3il4tq6qo8.jpg"},{"@type":"BreadcrumbList","@id":"https:\/\/apartmaji-banovci.si\/rafting-na-reki-muri\/#breadcrumb","itemListElement":[{"@type":"ListItem","position":1,"name":"Home","item":"https:\/\/apartmaji-banovci.si\/"},{"@type":"ListItem","position":2,"name":"Rafting na reki Muri"}]},{"@type":"WebSite","@id":"https:\/\/apartmaji-banovci.si\/#website","url":"https:\/\/apartmaji-banovci.si\/","name":"Apartments Sunrise Banovci","description":"Apartments Banovci","potentialAction":[{"@type":"SearchAction","target":{"@type":"EntryPoint","urlTemplate":"https:\/\/apartmaji-banovci.si\/?s={search_term_string}"},"query-input":{"@type":"PropertyValueSpecification","valueRequired":true,"valueName":"search_term_string"}}],"inLanguage":"en-GB"}]}},"_links":{"self":[{"href":"https:\/\/apartmaji-banovci.si\/en\/wp-json\/wp\/v2\/pages\/9831","targetHints":{"allow":["GET"]}}],"collection":[{"href":"https:\/\/apartmaji-banovci.si\/en\/wp-json\/wp\/v2\/pages"}],"about":[{"href":"https:\/\/apartmaji-banovci.si\/en\/wp-json\/wp\/v2\/types\/page"}],"author":[{"embeddable":true,"href":"https:\/\/apartmaji-banovci.si\/en\/wp-json\/wp\/v2\/users\/5"}],"replies":[{"embeddable":true,"href":"https:\/\/apartmaji-banovci.si\/en\/wp-json\/wp\/v2\/comments?post=9831"}],"version-history":[{"count":7,"href":"https:\/\/apartmaji-banovci.si\/en\/wp-json\/wp\/v2\/pages\/9831\/revisions"}],"predecessor-version":[{"id":9889,"href":"https:\/\/apartmaji-banovci.si\/en\/wp-json\/wp\/v2\/pages\/9831\/revisions\/9889"}],"wp:attachment":[{"href":"https:\/\/apartmaji-banovci.si\/en\/wp-json\/wp\/v2\/media?parent=9831"}],"curies":[{"name":"wp","href":"https:\/\/api.w.org\/{rel}","templated":true}]}}