{"id":3832,"date":"2021-01-10T18:52:36","date_gmt":"2021-01-10T17:52:36","guid":{"rendered":"https:\/\/apartmaji-banovci.si\/?page_id=3832"},"modified":"2026-03-30T15:30:30","modified_gmt":"2026-03-30T13:30:30","slug":"apartma-standard","status":"publish","type":"page","link":"https:\/\/apartmaji-banovci.si\/hr\/apartma-standard\/","title":{"rendered":"Apartman Standard"},"content":{"rendered":"\t\t<div data-elementor-type=\"wp-page\" data-elementor-id=\"3832\" class=\"elementor elementor-3832\" data-elementor-post-type=\"page\">\n\t\t\t\t\t\t<section class=\"elementor-section elementor-top-section elementor-element elementor-element-3aa43e0 elementor-section-stretched elementor-section-boxed elementor-section-height-default elementor-section-height-default\" data-id=\"3aa43e0\" data-element_type=\"section\" data-e-type=\"section\" data-settings=\"{&quot;stretch_section&quot;:&quot;section-stretched&quot;}\">\n\t\t\t\t\t\t\t<div class=\"elementor-background-overlay\"><\/div>\n\t\t\t\t\t\t\t<div class=\"elementor-container elementor-column-gap-default\">\n\t\t\t\t\t<div class=\"elementor-column elementor-col-66 elementor-top-column elementor-element elementor-element-780f972\" data-id=\"780f972\" data-element_type=\"column\" data-e-type=\"column\">\n\t\t\t<div class=\"elementor-widget-wrap elementor-element-populated\">\n\t\t\t\t<div class=\"elementor-element elementor-element-e2930ca e-flex e-con-boxed e-con e-parent\" data-id=\"e2930ca\" data-element_type=\"container\" data-e-type=\"container\" data-settings=\"{&quot;background_background&quot;:&quot;slideshow&quot;,&quot;background_slideshow_gallery&quot;:[{&quot;id&quot;:8568,&quot;url&quot;:&quot;https:\\\/\\\/apartmaji-banovci.si\\\/wp-content\\\/uploads\\\/2023\\\/03\\\/Zunaanjost-1.jpg&quot;},{&quot;id&quot;:5406,&quot;url&quot;:&quot;https:\\\/\\\/apartmaji-banovci.si\\\/wp-content\\\/uploads\\\/2021\\\/04\\\/jedilnica-a3.jpg&quot;},{&quot;id&quot;:5409,&quot;url&quot;:&quot;https:\\\/\\\/apartmaji-banovci.si\\\/wp-content\\\/uploads\\\/2021\\\/04\\\/terasa-a3.jpg&quot;},{&quot;id&quot;:5407,&quot;url&quot;:&quot;https:\\\/\\\/apartmaji-banovci.si\\\/wp-content\\\/uploads\\\/2021\\\/04\\\/kopalnica-a3.jpg&quot;},{&quot;id&quot;:5104,&quot;url&quot;:&quot;https:\\\/\\\/apartmaji-banovci.si\\\/wp-content\\\/uploads\\\/2021\\\/04\\\/apartma-a3-mobile-1.jpg&quot;},{&quot;id&quot;:5112,&quot;url&quot;:&quot;https:\\\/\\\/apartmaji-banovci.si\\\/wp-content\\\/uploads\\\/2021\\\/04\\\/apartma-b3-mobile-1.jpg&quot;}],&quot;background_slideshow_loop&quot;:&quot;yes&quot;,&quot;background_slideshow_slide_duration&quot;:5000,&quot;background_slideshow_slide_transition&quot;:&quot;fade&quot;,&quot;background_slideshow_transition_duration&quot;:500}\">\n\t\t\t\t\t<div class=\"e-con-inner\">\n\t\t\t\t\t<\/div>\n\t\t\t\t<\/div>\n\t\t\t\t<div class=\"elementor-element elementor-element-4c69e6e elementor-icon-list--layout-inline elementor-mobile-align-center elementor-align-center elementor-list-item-link-full_width elementor-widget elementor-widget-icon-list\" data-id=\"4c69e6e\" data-element_type=\"widget\" data-e-type=\"widget\" data-widget_type=\"icon-list.default\">\n\t\t\t\t\t\t\t<ul class=\"elementor-icon-list-items elementor-inline-items\">\n\t\t\t\t\t\t\t<li class=\"elementor-icon-list-item elementor-inline-item\">\n\t\t\t\t\t\t\t\t\t\t\t<span class=\"elementor-icon-list-icon\">\n\t\t\t\t\t\t\t<svg aria-hidden=\"true\" class=\"e-font-icon-svg e-fas-bed\" viewBox=\"0 0 640 512\" xmlns=\"http:\/\/www.w3.org\/2000\/svg\"><path d=\"M176 256c44.11 0 80-35.89 80-80s-35.89-80-80-80-80 35.89-80 80 35.89 80 80 80zm352-128H304c-8.84 0-16 7.16-16 16v144H64V80c0-8.84-7.16-16-16-16H16C7.16 64 0 71.16 0 80v352c0 8.84 7.16 16 16 16h32c8.84 0 16-7.16 16-16v-48h512v48c0 8.84 7.16 16 16 16h32c8.84 0 16-7.16 16-16V240c0-61.86-50.14-112-112-112z\"><\/path><\/svg>\t\t\t\t\t\t<\/span>\n\t\t\t\t\t\t\t\t\t\t<span class=\"elementor-icon-list-text\">1 spalnica<\/span>\n\t\t\t\t\t\t\t\t\t<\/li>\n\t\t\t\t\t\t\t\t<li class=\"elementor-icon-list-item elementor-inline-item\">\n\t\t\t\t\t\t\t\t\t\t\t<span class=\"elementor-icon-list-icon\">\n\t\t\t\t\t\t\t<svg aria-hidden=\"true\" class=\"e-font-icon-svg e-fas-couch\" viewBox=\"0 0 640 512\" xmlns=\"http:\/\/www.w3.org\/2000\/svg\"><path d=\"M160 224v64h320v-64c0-35.3 28.7-64 64-64h32c0-53-43-96-96-96H160c-53 0-96 43-96 96h32c35.3 0 64 28.7 64 64zm416-32h-32c-17.7 0-32 14.3-32 32v96H128v-96c0-17.7-14.3-32-32-32H64c-35.3 0-64 28.7-64 64 0 23.6 13 44 32 55.1V432c0 8.8 7.2 16 16 16h64c8.8 0 16-7.2 16-16v-16h384v16c0 8.8 7.2 16 16 16h64c8.8 0 16-7.2 16-16V311.1c19-11.1 32-31.5 32-55.1 0-35.3-28.7-64-64-64z\"><\/path><\/svg>\t\t\t\t\t\t<\/span>\n\t\t\t\t\t\t\t\t\t\t<span class=\"elementor-icon-list-text\">1 raztegljiv kav\u010d<\/span>\n\t\t\t\t\t\t\t\t\t<\/li>\n\t\t\t\t\t\t\t\t<li class=\"elementor-icon-list-item elementor-inline-item\">\n\t\t\t\t\t\t\t\t\t\t\t<span class=\"elementor-icon-list-icon\">\n\t\t\t\t\t\t\t<svg aria-hidden=\"true\" class=\"e-font-icon-svg e-fas-bath\" viewBox=\"0 0 512 512\" xmlns=\"http:\/\/www.w3.org\/2000\/svg\"><path d=\"M32,384a95.4,95.4,0,0,0,32,71.09V496a16,16,0,0,0,16,16h32a16,16,0,0,0,16-16V480H384v16a16,16,0,0,0,16,16h32a16,16,0,0,0,16-16V455.09A95.4,95.4,0,0,0,480,384V336H32ZM496,256H80V69.25a21.26,21.26,0,0,1,36.28-15l19.27,19.26c-13.13,29.88-7.61,59.11,8.62,79.73l-.17.17A16,16,0,0,0,144,176l11.31,11.31a16,16,0,0,0,22.63,0L283.31,81.94a16,16,0,0,0,0-22.63L272,48a16,16,0,0,0-22.62,0l-.17.17c-20.62-16.23-49.83-21.75-79.73-8.62L150.22,20.28A69.25,69.25,0,0,0,32,69.25V256H16A16,16,0,0,0,0,272v16a16,16,0,0,0,16,16H496a16,16,0,0,0,16-16V272A16,16,0,0,0,496,256Z\"><\/path><\/svg>\t\t\t\t\t\t<\/span>\n\t\t\t\t\t\t\t\t\t\t<span class=\"elementor-icon-list-text\">Kopalnica<\/span>\n\t\t\t\t\t\t\t\t\t<\/li>\n\t\t\t\t\t\t\t\t<li class=\"elementor-icon-list-item elementor-inline-item\">\n\t\t\t\t\t\t\t\t\t\t\t<span class=\"elementor-icon-list-icon\">\n\t\t\t\t\t\t\t<svg aria-hidden=\"true\" class=\"e-font-icon-svg e-fas-utensil-spoon\" viewBox=\"0 0 512 512\" xmlns=\"http:\/\/www.w3.org\/2000\/svg\"><path d=\"M480.1 31.9c-55-55.1-164.9-34.5-227.8 28.5-49.3 49.3-55.1 110-28.8 160.4L9 413.2c-11.6 10.5-12.1 28.5-1 39.5L59.3 504c11 11 29.1 10.5 39.5-1.1l192.4-214.4c50.4 26.3 111.1 20.5 160.4-28.8 63-62.9 83.6-172.8 28.5-227.8z\"><\/path><\/svg>\t\t\t\t\t\t<\/span>\n\t\t\t\t\t\t\t\t\t\t<span class=\"elementor-icon-list-text\">Kuhinja<\/span>\n\t\t\t\t\t\t\t\t\t<\/li>\n\t\t\t\t\t\t\t\t<li class=\"elementor-icon-list-item elementor-inline-item\">\n\t\t\t\t\t\t\t\t\t\t\t<span class=\"elementor-icon-list-icon\">\n\t\t\t\t\t\t\t<svg aria-hidden=\"true\" class=\"e-font-icon-svg e-fas-wind\" viewBox=\"0 0 512 512\" xmlns=\"http:\/\/www.w3.org\/2000\/svg\"><path d=\"M156.7 256H16c-8.8 0-16 7.2-16 16v32c0 8.8 7.2 16 16 16h142.2c15.9 0 30.8 10.9 33.4 26.6 3.3 20-12.1 37.4-31.6 37.4-14.1 0-26.1-9.2-30.4-21.9-2.1-6.3-8.6-10.1-15.2-10.1H81.6c-9.8 0-17.7 8.8-15.9 18.4 8.6 44.1 47.6 77.6 94.2 77.6 57.1 0 102.7-50.1 95.2-108.6C249 291 205.4 256 156.7 256zM16 224h336c59.7 0 106.8-54.8 93.8-116.7-7.6-36.2-36.9-65.5-73.1-73.1-55.4-11.6-105.1 24.9-114.9 75.5-1.9 9.6 6.1 18.3 15.8 18.3h32.8c6.7 0 13.1-3.8 15.2-10.1C325.9 105.2 337.9 96 352 96c19.4 0 34.9 17.4 31.6 37.4-2.6 15.7-17.4 26.6-33.4 26.6H16c-8.8 0-16 7.2-16 16v32c0 8.8 7.2 16 16 16zm384 32H243.7c19.3 16.6 33.2 38.8 39.8 64H400c26.5 0 48 21.5 48 48s-21.5 48-48 48c-17.9 0-33.3-9.9-41.6-24.4-2.9-5-8.7-7.6-14.5-7.6h-33.8c-10.9 0-19 10.8-15.3 21.1 17.8 50.6 70.5 84.8 129.4 72.3 41.2-8.7 75.1-41.6 84.7-82.7C526 321.5 470.5 256 400 256z\"><\/path><\/svg>\t\t\t\t\t\t<\/span>\n\t\t\t\t\t\t\t\t\t\t<span class=\"elementor-icon-list-text\">Klima<\/span>\n\t\t\t\t\t\t\t\t\t<\/li>\n\t\t\t\t\t\t\t\t<li class=\"elementor-icon-list-item elementor-inline-item\">\n\t\t\t\t\t\t\t\t\t\t\t<span class=\"elementor-icon-list-icon\">\n\t\t\t\t\t\t\t<svg aria-hidden=\"true\" class=\"e-font-icon-svg e-fas-wifi\" viewBox=\"0 0 640 512\" xmlns=\"http:\/\/www.w3.org\/2000\/svg\"><path d=\"M634.91 154.88C457.74-8.99 182.19-8.93 5.09 154.88c-6.66 6.16-6.79 16.59-.35 22.98l34.24 33.97c6.14 6.1 16.02 6.23 22.4.38 145.92-133.68 371.3-133.71 517.25 0 6.38 5.85 16.26 5.71 22.4-.38l34.24-33.97c6.43-6.39 6.3-16.82-.36-22.98zM320 352c-35.35 0-64 28.65-64 64s28.65 64 64 64 64-28.65 64-64-28.65-64-64-64zm202.67-83.59c-115.26-101.93-290.21-101.82-405.34 0-6.9 6.1-7.12 16.69-.57 23.15l34.44 33.99c6 5.92 15.66 6.32 22.05.8 83.95-72.57 209.74-72.41 293.49 0 6.39 5.52 16.05 5.13 22.05-.8l34.44-33.99c6.56-6.46 6.33-17.06-.56-23.15z\"><\/path><\/svg>\t\t\t\t\t\t<\/span>\n\t\t\t\t\t\t\t\t\t\t<span class=\"elementor-icon-list-text\">Wifi<\/span>\n\t\t\t\t\t\t\t\t\t<\/li>\n\t\t\t\t\t\t\t\t<li class=\"elementor-icon-list-item elementor-inline-item\">\n\t\t\t\t\t\t\t\t\t\t\t<span class=\"elementor-icon-list-icon\">\n\t\t\t\t\t\t\t<svg aria-hidden=\"true\" class=\"e-font-icon-svg e-fas-tv\" viewBox=\"0 0 640 512\" xmlns=\"http:\/\/www.w3.org\/2000\/svg\"><path d=\"M592 0H48A48 48 0 0 0 0 48v320a48 48 0 0 0 48 48h240v32H112a16 16 0 0 0-16 16v32a16 16 0 0 0 16 16h416a16 16 0 0 0 16-16v-32a16 16 0 0 0-16-16H352v-32h240a48 48 0 0 0 48-48V48a48 48 0 0 0-48-48zm-16 352H64V64h512z\"><\/path><\/svg>\t\t\t\t\t\t<\/span>\n\t\t\t\t\t\t\t\t\t\t<span class=\"elementor-icon-list-text\">TV<\/span>\n\t\t\t\t\t\t\t\t\t<\/li>\n\t\t\t\t\t\t\t\t<li class=\"elementor-icon-list-item elementor-inline-item\">\n\t\t\t\t\t\t\t\t\t\t\t<span class=\"elementor-icon-list-icon\">\n\t\t\t\t\t\t\t<svg aria-hidden=\"true\" class=\"e-font-icon-svg e-fas-parking\" viewBox=\"0 0 448 512\" xmlns=\"http:\/\/www.w3.org\/2000\/svg\"><path d=\"M400 32H48C21.5 32 0 53.5 0 80v352c0 26.5 21.5 48 48 48h352c26.5 0 48-21.5 48-48V80c0-26.5-21.5-48-48-48zM240 320h-48v48c0 8.8-7.2 16-16 16h-32c-8.8 0-16-7.2-16-16V144c0-8.8 7.2-16 16-16h96c52.9 0 96 43.1 96 96s-43.1 96-96 96zm0-128h-48v64h48c17.6 0 32-14.4 32-32s-14.4-32-32-32z\"><\/path><\/svg>\t\t\t\t\t\t<\/span>\n\t\t\t\t\t\t\t\t\t\t<span class=\"elementor-icon-list-text\">Gratis parkiri\u0161\u010de<\/span>\n\t\t\t\t\t\t\t\t\t<\/li>\n\t\t\t\t\t\t\t\t<li class=\"elementor-icon-list-item elementor-inline-item\">\n\t\t\t\t\t\t\t\t\t\t\t<span class=\"elementor-icon-list-icon\">\n\t\t\t\t\t\t\t<svg aria-hidden=\"true\" class=\"e-font-icon-svg e-fas-check\" viewBox=\"0 0 512 512\" xmlns=\"http:\/\/www.w3.org\/2000\/svg\"><path d=\"M173.898 439.404l-166.4-166.4c-9.997-9.997-9.997-26.206 0-36.204l36.203-36.204c9.997-9.998 26.207-9.998 36.204 0L192 312.69 432.095 72.596c9.997-9.997 26.207-9.997 36.204 0l36.203 36.204c9.997 9.997 9.997 26.206 0 36.204l-294.4 294.401c-9.998 9.997-26.207 9.997-36.204-.001z\"><\/path><\/svg>\t\t\t\t\t\t<\/span>\n\t\t\t\t\t\t\t\t\t\t<span class=\"elementor-icon-list-text\">Brisa\u010de in posteljina<\/span>\n\t\t\t\t\t\t\t\t\t<\/li>\n\t\t\t\t\t\t\t\t<li class=\"elementor-icon-list-item elementor-inline-item\">\n\t\t\t\t\t\t\t\t\t\t\t<span class=\"elementor-icon-list-icon\">\n\t\t\t\t\t\t\t<svg aria-hidden=\"true\" class=\"e-font-icon-svg e-fas-charging-station\" viewBox=\"0 0 576 512\" xmlns=\"http:\/\/www.w3.org\/2000\/svg\"><path d=\"M336 448H16c-8.84 0-16 7.16-16 16v32c0 8.84 7.16 16 16 16h320c8.84 0 16-7.16 16-16v-32c0-8.84-7.16-16-16-16zm208-320V80c0-8.84-7.16-16-16-16s-16 7.16-16 16v48h-32V80c0-8.84-7.16-16-16-16s-16 7.16-16 16v48h-16c-8.84 0-16 7.16-16 16v32c0 35.76 23.62 65.69 56 75.93v118.49c0 13.95-9.5 26.92-23.26 29.19C431.22 402.5 416 388.99 416 372v-28c0-48.6-39.4-88-88-88h-8V64c0-35.35-28.65-64-64-64H96C60.65 0 32 28.65 32 64v352h288V304h8c22.09 0 40 17.91 40 40v24.61c0 39.67 28.92 75.16 68.41 79.01C481.71 452.05 520 416.41 520 372V251.93c32.38-10.24 56-40.17 56-75.93v-32c0-8.84-7.16-16-16-16h-16zm-283.91 47.76l-93.7 139c-2.2 3.33-6.21 5.24-10.39 5.24-7.67 0-13.47-6.28-11.67-12.92L167.35 224H108c-7.25 0-12.85-5.59-11.89-11.89l16-107C112.9 99.9 117.98 96 124 96h68c7.88 0 13.62 6.54 11.6 13.21L192 160h57.7c9.24 0 15.01 8.78 10.39 15.76z\"><\/path><\/svg>\t\t\t\t\t\t<\/span>\n\t\t\t\t\t\t\t\t\t\t<span class=\"elementor-icon-list-text\">Polnilnica za E-vozilo<\/span>\n\t\t\t\t\t\t\t\t\t<\/li>\n\t\t\t\t\t\t<\/ul>\n\t\t\t\t\t\t<\/div>\n\t\t\t\t<div class=\"elementor-element elementor-element-2a2f221 elementor-widget elementor-widget-heading\" data-id=\"2a2f221\" data-element_type=\"widget\" data-e-type=\"widget\" data-widget_type=\"heading.default\">\n\t\t\t\t\t<h2 class=\"elementor-heading-title elementor-size-default\">Opis sobe<\/h2>\t\t\t\t<\/div>\n\t\t\t\t<div class=\"elementor-element elementor-element-a5dc9db elementor-widget elementor-widget-text-editor\" data-id=\"a5dc9db\" data-element_type=\"widget\" data-e-type=\"widget\" data-widget_type=\"text-editor.default\">\n\t\t\t\t\t\t\t\t\t<p>Apartma je opremljen z eno zakonsko posteljo velikosti 160x200cm. V dnevnem prostoru je velik raztegljiv kav\u010d primeren za spanje dveh oseb in velik TV. Zraven je kuhinja in jedilnica z veliko mizo za do 5 oseb. Apartma ima veliko pokrito teraso s sede\u017eno garnituro in delnim pogledom na vrt.<\/p>\t\t\t\t\t\t\t\t<\/div>\n\t\t\t\t\t<\/div>\n\t\t<\/div>\n\t\t\t\t<div class=\"elementor-column elementor-col-33 elementor-top-column elementor-element elementor-element-42504a0\" data-id=\"42504a0\" data-element_type=\"column\" data-e-type=\"column\">\n\t\t\t<div class=\"elementor-widget-wrap elementor-element-populated\">\n\t\t\t\t\t\t<div class=\"elementor-element elementor-element-76b1b3a elementor-widget elementor-widget-html\" data-id=\"76b1b3a\" data-element_type=\"widget\" data-e-type=\"widget\" data-widget_type=\"html.default\">\n\t\t\t\t\t<style>.elementor-element-76b1b3a{display:none !important}<\/style>\t\t\t\t<\/div>\n\t\t\t\t\t<\/div>\n\t\t<\/div>\n\t\t\t\t\t<\/div>\n\t\t<\/section>\n\t\t\t\t<\/div>\n\t\t","protected":false},"excerpt":{"rendered":"<p>1 spalnica 1 raztegljiv kav\u010d Kopalnica Kuhinja Klima Wifi TV Gratis parkiri\u0161\u010de Brisa\u010de in posteljina Polnilnica za E-vozilo Opis sobe Apartma je opremljen z eno zakonsko posteljo velikosti 160x200cm. V dnevnem prostoru je velik raztegljiv kav\u010d primeren za spanje dveh oseb in velik TV. Zraven je kuhinja in jedilnica z veliko mizo za do 5 [&hellip;]<\/p>\n","protected":false},"author":5,"featured_media":5113,"parent":0,"menu_order":0,"comment_status":"closed","ping_status":"closed","template":"","meta":{"footnotes":""},"class_list":["post-3832","page","type-page","status-publish","has-post-thumbnail","hentry"],"yoast_head":"<!-- This site is optimized with the Yoast SEO plugin v27.4 - https:\/\/yoast.com\/product\/yoast-seo-wordpress\/ -->\n<title>Apartma Standard - Apartmaji Sunrise Banovci - Apartmaji Pomurje<\/title>\n<meta name=\"description\" content=\"Apartma standard Sunrise Banovci se nahaja v v neposredni bli\u017eini Term Banovci. Odli\u010dno izhodi\u0161\u010de za raziskovanje Prlekije in Prekmurja.\" \/>\n<meta name=\"robots\" content=\"index, follow, max-snippet:-1, max-image-preview:large, max-video-preview:-1\" \/>\n<link rel=\"canonical\" href=\"https:\/\/apartmaji-banovci.si\/hr\/apartma-standard\/\" \/>\n<meta property=\"og:locale\" content=\"hr_HR\" \/>\n<meta property=\"og:type\" content=\"article\" \/>\n<meta property=\"og:title\" content=\"Apartma Standard - Apartmaji Sunrise Banovci - Apartmaji Pomurje\" \/>\n<meta property=\"og:description\" content=\"Apartma standard Sunrise Banovci se nahaja v v neposredni bli\u017eini Term Banovci. Odli\u010dno izhodi\u0161\u010de za raziskovanje Prlekije in Prekmurja.\" \/>\n<meta property=\"og:url\" content=\"https:\/\/apartmaji-banovci.si\/hr\/apartma-standard\/\" \/>\n<meta property=\"og:site_name\" content=\"Apartmaji Sunrise Banovci\" \/>\n<meta property=\"article:publisher\" content=\"https:\/\/www.facebook.com\/sunrisebanovci\/\" \/>\n<meta property=\"article:modified_time\" content=\"2026-03-30T13:30:30+00:00\" \/>\n<meta property=\"og:image\" content=\"https:\/\/apartmaji-banovci.si\/wp-content\/uploads\/2021\/04\/apartma-b3-mobile-2.jpg\" \/>\n\t<meta property=\"og:image:width\" content=\"640\" \/>\n\t<meta property=\"og:image:height\" content=\"960\" \/>\n\t<meta property=\"og:image:type\" content=\"image\/jpeg\" \/>\n<meta name=\"twitter:card\" content=\"summary_large_image\" \/>\n<meta name=\"twitter:label1\" content=\"Procijenjeno vrijeme \u010ditanja\" \/>\n\t<meta name=\"twitter:data1\" content=\"1 minuta\" \/>\n<script type=\"application\/ld+json\" class=\"yoast-schema-graph\">{\"@context\":\"https:\\\/\\\/schema.org\",\"@graph\":[{\"@type\":\"WebPage\",\"@id\":\"https:\\\/\\\/apartmaji-banovci.si\\\/apartma-standard\\\/\",\"url\":\"https:\\\/\\\/apartmaji-banovci.si\\\/apartma-standard\\\/\",\"name\":\"Apartma Standard - Apartmaji Sunrise Banovci - Apartmaji Pomurje\",\"isPartOf\":{\"@id\":\"https:\\\/\\\/apartmaji-banovci.si\\\/#website\"},\"primaryImageOfPage\":{\"@id\":\"https:\\\/\\\/apartmaji-banovci.si\\\/apartma-standard\\\/#primaryimage\"},\"image\":{\"@id\":\"https:\\\/\\\/apartmaji-banovci.si\\\/apartma-standard\\\/#primaryimage\"},\"thumbnailUrl\":\"https:\\\/\\\/apartmaji-banovci.si\\\/wp-content\\\/uploads\\\/2021\\\/04\\\/apartma-b3-mobile-2.jpg\",\"datePublished\":\"2021-01-10T17:52:36+00:00\",\"dateModified\":\"2026-03-30T13:30:30+00:00\",\"description\":\"Apartma standard Sunrise Banovci se nahaja v v neposredni bli\u017eini Term Banovci. Odli\u010dno izhodi\u0161\u010de za raziskovanje Prlekije in Prekmurja.\",\"breadcrumb\":{\"@id\":\"https:\\\/\\\/apartmaji-banovci.si\\\/apartma-standard\\\/#breadcrumb\"},\"inLanguage\":\"hr\",\"potentialAction\":[{\"@type\":\"ReadAction\",\"target\":[\"https:\\\/\\\/apartmaji-banovci.si\\\/apartma-standard\\\/\"]}]},{\"@type\":\"ImageObject\",\"inLanguage\":\"hr\",\"@id\":\"https:\\\/\\\/apartmaji-banovci.si\\\/apartma-standard\\\/#primaryimage\",\"url\":\"https:\\\/\\\/apartmaji-banovci.si\\\/wp-content\\\/uploads\\\/2021\\\/04\\\/apartma-b3-mobile-2.jpg\",\"contentUrl\":\"https:\\\/\\\/apartmaji-banovci.si\\\/wp-content\\\/uploads\\\/2021\\\/04\\\/apartma-b3-mobile-2.jpg\",\"width\":640,\"height\":960,\"caption\":\"Jedilnica\"},{\"@type\":\"BreadcrumbList\",\"@id\":\"https:\\\/\\\/apartmaji-banovci.si\\\/apartma-standard\\\/#breadcrumb\",\"itemListElement\":[{\"@type\":\"ListItem\",\"position\":1,\"name\":\"Home\",\"item\":\"https:\\\/\\\/apartmaji-banovci.si\\\/\"},{\"@type\":\"ListItem\",\"position\":2,\"name\":\"Apartma Standard\"}]},{\"@type\":\"WebSite\",\"@id\":\"https:\\\/\\\/apartmaji-banovci.si\\\/#website\",\"url\":\"https:\\\/\\\/apartmaji-banovci.si\\\/\",\"name\":\"Apartmaji Sunrise Banovci\",\"description\":\"Apartmaji Banovci\",\"potentialAction\":[{\"@type\":\"SearchAction\",\"target\":{\"@type\":\"EntryPoint\",\"urlTemplate\":\"https:\\\/\\\/apartmaji-banovci.si\\\/?s={search_term_string}\"},\"query-input\":{\"@type\":\"PropertyValueSpecification\",\"valueRequired\":true,\"valueName\":\"search_term_string\"}}],\"inLanguage\":\"hr\"}]}<\/script>\n<!-- \/ Yoast SEO plugin. -->","yoast_head_json":{"title":"Standard Apartman - Sunrise Apartmani Banovci - Apartmani Pomurje","description":"Standardni apartman Sunrise Banovci nalazi se u neposrednoj blizini Termi Banovci. Izvrsna je polazna to\u010dka za istra\u017eivanje Prlekije i Prekmurja.","robots":{"index":"index","follow":"follow","max-snippet":"max-snippet:-1","max-image-preview":"max-image-preview:large","max-video-preview":"max-video-preview:-1"},"canonical":"https:\/\/apartmaji-banovci.si\/hr\/apartma-standard\/","og_locale":"hr_HR","og_type":"article","og_title":"Apartma Standard - Apartmaji Sunrise Banovci - Apartmaji Pomurje","og_description":"Apartma standard Sunrise Banovci se nahaja v v neposredni bli\u017eini Term Banovci. Odli\u010dno izhodi\u0161\u010de za raziskovanje Prlekije in Prekmurja.","og_url":"https:\/\/apartmaji-banovci.si\/hr\/apartma-standard\/","og_site_name":"Apartmaji Sunrise Banovci","article_publisher":"https:\/\/www.facebook.com\/sunrisebanovci\/","article_modified_time":"2026-03-30T13:30:30+00:00","og_image":[{"width":640,"height":960,"url":"https:\/\/apartmaji-banovci.si\/wp-content\/uploads\/2021\/04\/apartma-b3-mobile-2.jpg","type":"image\/jpeg"}],"twitter_card":"summary_large_image","twitter_misc":{"Procijenjeno vrijeme \u010ditanja":"1 minuta"},"schema":{"@context":"https:\/\/schema.org","@graph":[{"@type":"WebPage","@id":"https:\/\/apartmaji-banovci.si\/apartma-standard\/","url":"https:\/\/apartmaji-banovci.si\/apartma-standard\/","name":"Standard Apartman - Sunrise Apartmani Banovci - Apartmani Pomurje","isPartOf":{"@id":"https:\/\/apartmaji-banovci.si\/#website"},"primaryImageOfPage":{"@id":"https:\/\/apartmaji-banovci.si\/apartma-standard\/#primaryimage"},"image":{"@id":"https:\/\/apartmaji-banovci.si\/apartma-standard\/#primaryimage"},"thumbnailUrl":"https:\/\/apartmaji-banovci.si\/wp-content\/uploads\/2021\/04\/apartma-b3-mobile-2.jpg","datePublished":"2021-01-10T17:52:36+00:00","dateModified":"2026-03-30T13:30:30+00:00","description":"Standardni apartman Sunrise Banovci nalazi se u neposrednoj blizini Termi Banovci. Izvrsna je polazna to\u010dka za istra\u017eivanje Prlekije i Prekmurja.","breadcrumb":{"@id":"https:\/\/apartmaji-banovci.si\/apartma-standard\/#breadcrumb"},"inLanguage":"hr","potentialAction":[{"@type":"ReadAction","target":["https:\/\/apartmaji-banovci.si\/apartma-standard\/"]}]},{"@type":"ImageObject","inLanguage":"hr","@id":"https:\/\/apartmaji-banovci.si\/apartma-standard\/#primaryimage","url":"https:\/\/apartmaji-banovci.si\/wp-content\/uploads\/2021\/04\/apartma-b3-mobile-2.jpg","contentUrl":"https:\/\/apartmaji-banovci.si\/wp-content\/uploads\/2021\/04\/apartma-b3-mobile-2.jpg","width":640,"height":960,"caption":"Jedilnica"},{"@type":"BreadcrumbList","@id":"https:\/\/apartmaji-banovci.si\/apartma-standard\/#breadcrumb","itemListElement":[{"@type":"ListItem","position":1,"name":"Home","item":"https:\/\/apartmaji-banovci.si\/"},{"@type":"ListItem","position":2,"name":"Apartma Standard"}]},{"@type":"WebSite","@id":"https:\/\/apartmaji-banovci.si\/#website","url":"https:\/\/apartmaji-banovci.si\/","name":"Apartmani Sunrise Banovci","description":"Apartmani Banovci","potentialAction":[{"@type":"SearchAction","target":{"@type":"EntryPoint","urlTemplate":"https:\/\/apartmaji-banovci.si\/?s={search_term_string}"},"query-input":{"@type":"PropertyValueSpecification","valueRequired":true,"valueName":"search_term_string"}}],"inLanguage":"hr"}]}},"_links":{"self":[{"href":"https:\/\/apartmaji-banovci.si\/hr\/wp-json\/wp\/v2\/pages\/3832","targetHints":{"allow":["GET"]}}],"collection":[{"href":"https:\/\/apartmaji-banovci.si\/hr\/wp-json\/wp\/v2\/pages"}],"about":[{"href":"https:\/\/apartmaji-banovci.si\/hr\/wp-json\/wp\/v2\/types\/page"}],"author":[{"embeddable":true,"href":"https:\/\/apartmaji-banovci.si\/hr\/wp-json\/wp\/v2\/users\/5"}],"replies":[{"embeddable":true,"href":"https:\/\/apartmaji-banovci.si\/hr\/wp-json\/wp\/v2\/comments?post=3832"}],"version-history":[{"count":627,"href":"https:\/\/apartmaji-banovci.si\/hr\/wp-json\/wp\/v2\/pages\/3832\/revisions"}],"predecessor-version":[{"id":10244,"href":"https:\/\/apartmaji-banovci.si\/hr\/wp-json\/wp\/v2\/pages\/3832\/revisions\/10244"}],"wp:featuredmedia":[{"embeddable":true,"href":"https:\/\/apartmaji-banovci.si\/hr\/wp-json\/wp\/v2\/media\/5113"}],"wp:attachment":[{"href":"https:\/\/apartmaji-banovci.si\/hr\/wp-json\/wp\/v2\/media?parent=3832"}],"curies":[{"name":"radni list","href":"https:\/\/api.w.org\/{rel}","templated":true}]}}