{"id":6528,"date":"2022-01-15T15:32:19","date_gmt":"2022-01-15T14:32:19","guid":{"rendered":"https:\/\/apartmaji-banovci.si\/?page_id=6528"},"modified":"2022-01-15T15:51:42","modified_gmt":"2022-01-15T14:51:42","slug":"darilni-bon","status":"publish","type":"page","link":"https:\/\/apartmaji-banovci.si\/hr\/darilni-bon\/","title":{"rendered":"Poklon bon"},"content":{"rendered":"<div data-elementor-type=\"wp-page\" data-elementor-id=\"6528\" class=\"elementor elementor-6528\" data-elementor-post-type=\"page\">\n\t\t\t\t\t\t<section class=\"elementor-section elementor-top-section elementor-element elementor-element-06ed97d elementor-section-boxed elementor-section-height-default elementor-section-height-default\" data-id=\"06ed97d\" data-element_type=\"section\" data-e-type=\"section\">\n\t\t\t\t\t\t<div class=\"elementor-container elementor-column-gap-default\">\n\t\t\t\t\t<div class=\"elementor-column elementor-col-100 elementor-top-column elementor-element elementor-element-eb62279\" data-id=\"eb62279\" data-element_type=\"column\" data-e-type=\"column\">\n\t\t\t<div class=\"elementor-widget-wrap elementor-element-populated\">\n\t\t\t\t\t\t<div class=\"elementor-element elementor-element-7047129 elementor-widget elementor-widget-image\" data-id=\"7047129\" data-element_type=\"widget\" data-e-type=\"widget\" data-widget_type=\"image.default\">\n\t\t\t\t\t\t\t\t\t\t\t\t\t\t\t<img fetchpriority=\"high\" decoding=\"async\" width=\"670\" height=\"447\" src=\"https:\/\/apartmaji-banovci.si\/wp-content\/uploads\/2022\/01\/darilni-bon.jpg\" class=\"attachment-full size-full wp-image-6538\" alt=\"\" srcset=\"https:\/\/apartmaji-banovci.si\/wp-content\/uploads\/2022\/01\/darilni-bon.jpg 670w, https:\/\/apartmaji-banovci.si\/wp-content\/uploads\/2022\/01\/darilni-bon-300x200.jpg 300w, https:\/\/apartmaji-banovci.si\/wp-content\/uploads\/2022\/01\/darilni-bon-18x12.jpg 18w\" sizes=\"(max-width: 670px) 100vw, 670px\" \/>\t\t\t\t\t\t\t\t\t\t\t\t\t\t\t<\/div>\n\t\t\t\t\t<\/div>\n\t\t<\/div>\n\t\t\t\t\t<\/div>\n\t\t<\/section>\n\t\t\t\t<section class=\"elementor-section elementor-top-section elementor-element elementor-element-fc43b2c elementor-section-boxed elementor-section-height-default elementor-section-height-default\" data-id=\"fc43b2c\" data-element_type=\"section\" data-e-type=\"section\">\n\t\t\t\t\t\t<div class=\"elementor-container elementor-column-gap-default\">\n\t\t\t\t\t<div class=\"elementor-column elementor-col-33 elementor-top-column elementor-element elementor-element-fc33111\" data-id=\"fc33111\" data-element_type=\"column\" data-e-type=\"column\">\n\t\t\t<div class=\"elementor-widget-wrap elementor-element-populated\">\n\t\t\t\t\t\t<div class=\"elementor-element elementor-element-5fe5af0 elementor-hidden-mobile elementor-widget elementor-widget-heading\" data-id=\"5fe5af0\" data-element_type=\"widget\" data-e-type=\"widget\" data-widget_type=\"heading.default\">\n\t\t\t\t\t<h3 class=\"elementor-heading-title elementor-size-default\">Poklon bon<\/h3>\t\t\t\t<\/div>\n\t\t\t\t<div class=\"elementor-element elementor-element-2b0a1c8 elementor-hidden-desktop elementor-hidden-tablet elementor-widget elementor-widget-heading\" data-id=\"2b0a1c8\" data-element_type=\"widget\" data-e-type=\"widget\" data-widget_type=\"heading.default\">\n\t\t\t\t\t<h3 class=\"elementor-heading-title elementor-size-default\">Poklon bon<\/h3>\t\t\t\t<\/div>\n\t\t\t\t<div class=\"elementor-element elementor-element-bd96c83 elementor-widget-divider--view-line elementor-widget elementor-widget-divider\" data-id=\"bd96c83\" data-element_type=\"widget\" data-e-type=\"widget\" data-widget_type=\"divider.default\">\n\t\t\t\t\t\t\t<div class=\"elementor-divider\">\n\t\t\t<span class=\"elementor-divider-separator\">\n\t\t\t\t\t\t<\/span>\n\t\t<\/div>\n\t\t\t\t\t\t<\/div>\n\t\t\t\t<div class=\"elementor-element elementor-element-7376c80 elementor-hidden-mobile elementor-widget elementor-widget-text-editor\" data-id=\"7376c80\" data-element_type=\"widget\" data-e-type=\"widget\" data-widget_type=\"text-editor.default\">\n\t\t\t\t\t\t\t\t\t<p>Iznenadite svoje najdra\u017ee poklon bonom za Abrahama, ro\u0111endan, godi\u0161njicu ili bilo koje drugo iznena\u0111enje<\/p>\t\t\t\t\t\t\t\t<\/div>\n\t\t\t\t<div class=\"elementor-element elementor-element-dfee5f6 elementor-hidden-desktop elementor-hidden-tablet elementor-widget elementor-widget-text-editor\" data-id=\"dfee5f6\" data-element_type=\"widget\" data-e-type=\"widget\" data-widget_type=\"text-editor.default\">\n\t\t\t\t\t\t\t\t\t<p style=\"text-align: center;\">Iznenadite svoje najdra\u017ee poklon bonom za Abrahama, ro\u0111endan, godi\u0161njicu ili bilo koje drugo iznena\u0111enje<\/p>\t\t\t\t\t\t\t\t<\/div>\n\t\t\t\t<div class=\"elementor-element elementor-element-f9cee9f elementor-align-center elementor-icon-list--layout-traditional elementor-list-item-link-full_width elementor-widget elementor-widget-icon-list\" data-id=\"f9cee9f\" data-element_type=\"widget\" data-e-type=\"widget\" data-widget_type=\"icon-list.default\">\n\t\t\t\t\t\t\t<ul class=\"elementor-icon-list-items\">\n\t\t\t\t\t\t\t<li class=\"elementor-icon-list-item\">\n\t\t\t\t\t\t\t\t\t\t\t<span class=\"elementor-icon-list-icon\">\n\t\t\t\t\t\t\t<svg aria-hidden=\"true\" class=\"e-font-icon-svg e-fas-map-marker-alt\" viewbox=\"0 0 384 512\" xmlns=\"http:\/\/www.w3.org\/2000\/svg\"><path d=\"M172.268 501.67C26.97 291.031 0 269.413 0 192 0 85.961 85.961 0 192 0s192 85.961 192 192c0 77.413-26.97 99.031-172.268 309.67-9.535 13.774-29.93 13.773-39.464 0zM192 272c44.183 0 80-35.817 80-80s-35.817-80-80-80-80 35.817-80 80 35.817 80 80 80z\"><\/path><\/svg>\t\t\t\t\t\t<\/span>\n\t\t\t\t\t\t\t\t\t\t<span class=\"elementor-icon-list-text\">Banovci 24c, 9241 Ver\u017eej<\/span>\n\t\t\t\t\t\t\t\t\t<\/li>\n\t\t\t\t\t\t\t\t<li class=\"elementor-icon-list-item\">\n\t\t\t\t\t\t\t\t\t\t\t<span class=\"elementor-icon-list-icon\">\n\t\t\t\t\t\t\t<svg aria-hidden=\"true\" class=\"e-font-icon-svg e-fas-phone\" viewbox=\"0 0 512 512\" xmlns=\"http:\/\/www.w3.org\/2000\/svg\"><path d=\"M493.4 24.6l-104-24c-11.3-2.6-22.9 3.3-27.5 13.9l-48 112c-4.2 9.8-1.4 21.3 6.9 28l60.6 49.6c-36 76.7-98.9 140.5-177.2 177.2l-49.6-60.6c-6.8-8.3-18.2-11.1-28-6.9l-112 48C3.9 366.5-2 378.1.6 389.4l24 104C27.1 504.2 36.7 512 48 512c256.1 0 464-207.5 464-464 0-11.2-7.7-20.9-18.6-23.4z\"><\/path><\/svg>\t\t\t\t\t\t<\/span>\n\t\t\t\t\t\t\t\t\t\t<span class=\"elementor-icon-list-text\">+386 (0)70 676 994<\/span>\n\t\t\t\t\t\t\t\t\t<\/li>\n\t\t\t\t\t\t\t\t<li class=\"elementor-icon-list-item\">\n\t\t\t\t\t\t\t\t\t\t\t<a href=\"mailto:recepcija@apartmaji-banovci.si\">\n\n\t\t\t\t\t\t\t\t\t\t\t\t<span class=\"elementor-icon-list-icon\">\n\t\t\t\t\t\t\t<svg aria-hidden=\"true\" class=\"e-font-icon-svg e-fas-envelope\" viewbox=\"0 0 512 512\" xmlns=\"http:\/\/www.w3.org\/2000\/svg\"><path d=\"M502.3 190.8c3.9-3.1 9.7-.2 9.7 4.7V400c0 26.5-21.5 48-48 48H48c-26.5 0-48-21.5-48-48V195.6c0-5 5.7-7.8 9.7-4.7 22.4 17.4 52.1 39.5 154.1 113.6 21.1 15.4 56.7 47.8 92.2 47.6 35.7.3 72-32.8 92.3-47.6 102-74.1 131.6-96.3 154-113.7zM256 320c23.2.4 56.6-29.2 73.4-41.4 132.7-96.3 142.8-104.7 173.4-128.7 5.8-4.5 9.2-11.5 9.2-18.9v-19c0-26.5-21.5-48-48-48H48C21.5 64 0 85.5 0 112v19c0 7.4 3.4 14.3 9.2 18.9 30.6 23.9 40.7 32.4 173.4 128.7 16.8 12.2 50.2 41.8 73.4 41.4z\"><\/path><\/svg>\t\t\t\t\t\t<\/span>\n\t\t\t\t\t\t\t\t\t\t<span class=\"elementor-icon-list-text\">recepcija@apartmaji-banovci.si<\/span>\n\t\t\t\t\t\t\t\t\t\t\t<\/a>\n\t\t\t\t\t\t\t\t\t<\/li>\n\t\t\t\t\t\t<\/ul>\n\t\t\t\t\t\t<\/div>\n\t\t\t\t\t<\/div>\n\t\t<\/div>\n\t\t\t\t<div class=\"elementor-column elementor-col-66 elementor-top-column elementor-element elementor-element-41366aa\" data-id=\"41366aa\" data-element_type=\"column\" data-e-type=\"column\">\n\t\t\t<div class=\"elementor-widget-wrap elementor-element-populated\">\n\t\t\t\t\t\t<div class=\"elementor-element elementor-element-f3abd09 elementor-hidden-mobile elementor-widget elementor-widget-heading\" data-id=\"f3abd09\" data-element_type=\"widget\" data-e-type=\"widget\" data-widget_type=\"heading.default\">\n\t\t\t\t\t<h3 class=\"elementor-heading-title elementor-size-default\">Kontakt obrazac<\/h3>\t\t\t\t<\/div>\n\t\t\t\t<div class=\"elementor-element elementor-element-28b6d85 elementor-hidden-desktop elementor-hidden-tablet elementor-widget elementor-widget-heading\" data-id=\"28b6d85\" data-element_type=\"widget\" data-e-type=\"widget\" data-widget_type=\"heading.default\">\n\t\t\t\t\t<h3 class=\"elementor-heading-title elementor-size-default\">Kontakt obrazac<\/h3>\t\t\t\t<\/div>\n\t\t\t\t<div class=\"elementor-element elementor-element-53cad3c elementor-widget-divider--view-line elementor-widget elementor-widget-divider\" data-id=\"53cad3c\" data-element_type=\"widget\" data-e-type=\"widget\" data-widget_type=\"divider.default\">\n\t\t\t\t\t\t\t<div class=\"elementor-divider\">\n\t\t\t<span class=\"elementor-divider-separator\">\n\t\t\t\t\t\t<\/span>\n\t\t<\/div>\n\t\t\t\t\t\t<\/div>\n\t\t\t\t<div class=\"elementor-element elementor-element-2129b10 elementor-widget elementor-widget-shortcode\" data-id=\"2129b10\" data-element_type=\"widget\" data-e-type=\"widget\" data-widget_type=\"shortcode.default\">\n\t\t\t\t\t\t\t<div class=\"elementor-shortcode\"><p class=\"wpcf7-contact-form-not-found\"><strong>Pogre\u0161ka:<\/strong> Kontaktni obrazac nije prona\u0111en.<\/p><\/div>\n\t\t\t\t\t\t<\/div>\n\t\t\t\t\t<\/div>\n\t\t<\/div>\n\t\t\t\t\t<\/div>\n\t\t<\/section>\n\t\t\t\t<\/div>","protected":false},"excerpt":{"rendered":"<p>Poklon bon Poklon bon Iznenadite svoje najdra\u017ee poklon bonom za Abrahama, ro\u0111endan, godi\u0161njicu ili neko drugo iznena\u0111enje Iznenadite svoje najdra\u017ee poklon bonom za Abrahama, ro\u0111endan, godi\u0161njicu ili bilo koje drugo iznena\u0111enje Banovci 24c, 9241 Ver\u017eej +386 (0) 70 676 994 recepcija@apartmaji-banovci.si Kontakt obrazac Kontakt obrazac<\/p>","protected":false},"author":5,"featured_media":0,"parent":0,"menu_order":0,"comment_status":"closed","ping_status":"closed","template":"","meta":{"footnotes":""},"class_list":["post-6528","page","type-page","status-publish","hentry"],"yoast_head":"<!-- This site is optimized with the Yoast SEO plugin v27.4 - https:\/\/yoast.com\/product\/yoast-seo-wordpress\/ -->\n<title>Darilni bon - Apartmaji Sunrise Banovci - Welless<\/title>\n<meta name=\"description\" content=\"Darilni bon za rojstni dan, abraham, obletnico. Preseneti fanta ali punco z darilnim bonom za wellness razvajanje v dvoje.\" \/>\n<meta name=\"robots\" content=\"index, follow, max-snippet:-1, max-image-preview:large, max-video-preview:-1\" \/>\n<link rel=\"canonical\" href=\"https:\/\/apartmaji-banovci.si\/hr\/darilni-bon\/\" \/>\n<meta property=\"og:locale\" content=\"hr_HR\" \/>\n<meta property=\"og:type\" content=\"article\" \/>\n<meta property=\"og:title\" content=\"Darilni bon - Apartmaji Sunrise Banovci - Welless\" \/>\n<meta property=\"og:description\" content=\"Darilni bon za rojstni dan, abraham, obletnico. Preseneti fanta ali punco z darilnim bonom za wellness razvajanje v dvoje.\" \/>\n<meta property=\"og:url\" content=\"https:\/\/apartmaji-banovci.si\/hr\/darilni-bon\/\" \/>\n<meta property=\"og:site_name\" content=\"Apartmaji Sunrise Banovci\" \/>\n<meta property=\"article:publisher\" content=\"https:\/\/www.facebook.com\/sunrisebanovci\/\" \/>\n<meta property=\"article:modified_time\" content=\"2022-01-15T14:51:42+00:00\" \/>\n<meta property=\"og:image\" content=\"https:\/\/apartmaji-banovci.si\/wp-content\/uploads\/2022\/01\/darilni-bon.jpg\" \/>\n<meta name=\"twitter:card\" content=\"summary_large_image\" \/>\n<meta name=\"twitter:label1\" content=\"Procijenjeno vrijeme \u010ditanja\" \/>\n\t<meta name=\"twitter:data1\" content=\"1 minuta\" \/>\n<script type=\"application\/ld+json\" class=\"yoast-schema-graph\">{\"@context\":\"https:\\\/\\\/schema.org\",\"@graph\":[{\"@type\":\"WebPage\",\"@id\":\"https:\\\/\\\/apartmaji-banovci.si\\\/darilni-bon\\\/\",\"url\":\"https:\\\/\\\/apartmaji-banovci.si\\\/darilni-bon\\\/\",\"name\":\"Darilni bon - Apartmaji Sunrise Banovci - Welless\",\"isPartOf\":{\"@id\":\"https:\\\/\\\/apartmaji-banovci.si\\\/#website\"},\"primaryImageOfPage\":{\"@id\":\"https:\\\/\\\/apartmaji-banovci.si\\\/darilni-bon\\\/#primaryimage\"},\"image\":{\"@id\":\"https:\\\/\\\/apartmaji-banovci.si\\\/darilni-bon\\\/#primaryimage\"},\"thumbnailUrl\":\"https:\\\/\\\/apartmaji-banovci.si\\\/wp-content\\\/uploads\\\/2022\\\/01\\\/darilni-bon.jpg\",\"datePublished\":\"2022-01-15T14:32:19+00:00\",\"dateModified\":\"2022-01-15T14:51:42+00:00\",\"description\":\"Darilni bon za rojstni dan, abraham, obletnico. Preseneti fanta ali punco z darilnim bonom za wellness razvajanje v dvoje.\",\"breadcrumb\":{\"@id\":\"https:\\\/\\\/apartmaji-banovci.si\\\/darilni-bon\\\/#breadcrumb\"},\"inLanguage\":\"hr\",\"potentialAction\":[{\"@type\":\"ReadAction\",\"target\":[\"https:\\\/\\\/apartmaji-banovci.si\\\/darilni-bon\\\/\"]}]},{\"@type\":\"ImageObject\",\"inLanguage\":\"hr\",\"@id\":\"https:\\\/\\\/apartmaji-banovci.si\\\/darilni-bon\\\/#primaryimage\",\"url\":\"https:\\\/\\\/apartmaji-banovci.si\\\/wp-content\\\/uploads\\\/2022\\\/01\\\/darilni-bon.jpg\",\"contentUrl\":\"https:\\\/\\\/apartmaji-banovci.si\\\/wp-content\\\/uploads\\\/2022\\\/01\\\/darilni-bon.jpg\"},{\"@type\":\"BreadcrumbList\",\"@id\":\"https:\\\/\\\/apartmaji-banovci.si\\\/darilni-bon\\\/#breadcrumb\",\"itemListElement\":[{\"@type\":\"ListItem\",\"position\":1,\"name\":\"Home\",\"item\":\"https:\\\/\\\/apartmaji-banovci.si\\\/\"},{\"@type\":\"ListItem\",\"position\":2,\"name\":\"Darilni bon\"}]},{\"@type\":\"WebSite\",\"@id\":\"https:\\\/\\\/apartmaji-banovci.si\\\/#website\",\"url\":\"https:\\\/\\\/apartmaji-banovci.si\\\/\",\"name\":\"Apartmaji Sunrise Banovci\",\"description\":\"Apartmaji Banovci\",\"potentialAction\":[{\"@type\":\"SearchAction\",\"target\":{\"@type\":\"EntryPoint\",\"urlTemplate\":\"https:\\\/\\\/apartmaji-banovci.si\\\/?s={search_term_string}\"},\"query-input\":{\"@type\":\"PropertyValueSpecification\",\"valueRequired\":true,\"valueName\":\"search_term_string\"}}],\"inLanguage\":\"hr\"}]}<\/script>\n<!-- \/ Yoast SEO plugin. -->","yoast_head_json":{"title":"Poklon bon - Sunrise Apartmani Banovci - Welless","description":"Poklon bon za ro\u0111endan, Abrahama, godi\u0161njicu. Iznenadite svog de\u010dka ili djevojku poklon bonom za wellness opu\u0161tanje za dvoje.","robots":{"index":"index","follow":"follow","max-snippet":"max-snippet:-1","max-image-preview":"max-image-preview:large","max-video-preview":"max-video-preview:-1"},"canonical":"https:\/\/apartmaji-banovci.si\/hr\/darilni-bon\/","og_locale":"hr_HR","og_type":"article","og_title":"Darilni bon - Apartmaji Sunrise Banovci - Welless","og_description":"Darilni bon za rojstni dan, abraham, obletnico. Preseneti fanta ali punco z darilnim bonom za wellness razvajanje v dvoje.","og_url":"https:\/\/apartmaji-banovci.si\/hr\/darilni-bon\/","og_site_name":"Apartmaji Sunrise Banovci","article_publisher":"https:\/\/www.facebook.com\/sunrisebanovci\/","article_modified_time":"2022-01-15T14:51:42+00:00","og_image":[{"url":"https:\/\/apartmaji-banovci.si\/wp-content\/uploads\/2022\/01\/darilni-bon.jpg","type":"","width":"","height":""}],"twitter_card":"summary_large_image","twitter_misc":{"Procijenjeno vrijeme \u010ditanja":"1 minuta"},"schema":{"@context":"https:\/\/schema.org","@graph":[{"@type":"WebPage","@id":"https:\/\/apartmaji-banovci.si\/darilni-bon\/","url":"https:\/\/apartmaji-banovci.si\/darilni-bon\/","name":"Poklon bon - Sunrise Apartmani Banovci - Welless","isPartOf":{"@id":"https:\/\/apartmaji-banovci.si\/#website"},"primaryImageOfPage":{"@id":"https:\/\/apartmaji-banovci.si\/darilni-bon\/#primaryimage"},"image":{"@id":"https:\/\/apartmaji-banovci.si\/darilni-bon\/#primaryimage"},"thumbnailUrl":"https:\/\/apartmaji-banovci.si\/wp-content\/uploads\/2022\/01\/darilni-bon.jpg","datePublished":"2022-01-15T14:32:19+00:00","dateModified":"2022-01-15T14:51:42+00:00","description":"Poklon bon za ro\u0111endan, Abrahama, godi\u0161njicu. Iznenadite svog de\u010dka ili djevojku poklon bonom za wellness opu\u0161tanje za dvoje.","breadcrumb":{"@id":"https:\/\/apartmaji-banovci.si\/darilni-bon\/#breadcrumb"},"inLanguage":"hr","potentialAction":[{"@type":"ReadAction","target":["https:\/\/apartmaji-banovci.si\/darilni-bon\/"]}]},{"@type":"ImageObject","inLanguage":"hr","@id":"https:\/\/apartmaji-banovci.si\/darilni-bon\/#primaryimage","url":"https:\/\/apartmaji-banovci.si\/wp-content\/uploads\/2022\/01\/darilni-bon.jpg","contentUrl":"https:\/\/apartmaji-banovci.si\/wp-content\/uploads\/2022\/01\/darilni-bon.jpg"},{"@type":"BreadcrumbList","@id":"https:\/\/apartmaji-banovci.si\/darilni-bon\/#breadcrumb","itemListElement":[{"@type":"ListItem","position":1,"name":"Home","item":"https:\/\/apartmaji-banovci.si\/"},{"@type":"ListItem","position":2,"name":"Darilni bon"}]},{"@type":"WebSite","@id":"https:\/\/apartmaji-banovci.si\/#website","url":"https:\/\/apartmaji-banovci.si\/","name":"Apartmani Sunrise Banovci","description":"Apartmani Banovci","potentialAction":[{"@type":"SearchAction","target":{"@type":"EntryPoint","urlTemplate":"https:\/\/apartmaji-banovci.si\/?s={search_term_string}"},"query-input":{"@type":"PropertyValueSpecification","valueRequired":true,"valueName":"search_term_string"}}],"inLanguage":"hr"}]}},"_links":{"self":[{"href":"https:\/\/apartmaji-banovci.si\/hr\/wp-json\/wp\/v2\/pages\/6528","targetHints":{"allow":["GET"]}}],"collection":[{"href":"https:\/\/apartmaji-banovci.si\/hr\/wp-json\/wp\/v2\/pages"}],"about":[{"href":"https:\/\/apartmaji-banovci.si\/hr\/wp-json\/wp\/v2\/types\/page"}],"author":[{"embeddable":true,"href":"https:\/\/apartmaji-banovci.si\/hr\/wp-json\/wp\/v2\/users\/5"}],"replies":[{"embeddable":true,"href":"https:\/\/apartmaji-banovci.si\/hr\/wp-json\/wp\/v2\/comments?post=6528"}],"version-history":[{"count":13,"href":"https:\/\/apartmaji-banovci.si\/hr\/wp-json\/wp\/v2\/pages\/6528\/revisions"}],"predecessor-version":[{"id":6549,"href":"https:\/\/apartmaji-banovci.si\/hr\/wp-json\/wp\/v2\/pages\/6528\/revisions\/6549"}],"wp:attachment":[{"href":"https:\/\/apartmaji-banovci.si\/hr\/wp-json\/wp\/v2\/media?parent=6528"}],"curies":[{"name":"radni list","href":"https:\/\/api.w.org\/{rel}","templated":true}]}}