{"id":7310,"date":"2022-05-18T16:49:35","date_gmt":"2022-05-18T14:49:35","guid":{"rendered":"https:\/\/apartmaji-banovci.si\/?page_id=7310"},"modified":"2026-04-16T19:02:26","modified_gmt":"2026-04-16T17:02:26","slug":"kolesarjenje-2","status":"publish","type":"page","link":"https:\/\/apartmaji-banovci.si\/hr\/kolesarjenje-2\/","title":{"rendered":"Biciklizam"},"content":{"rendered":"\t\t<div data-elementor-type=\"wp-page\" data-elementor-id=\"7310\" class=\"elementor elementor-7310\" data-elementor-post-type=\"page\">\n\t\t\t\t<div class=\"elementor-element elementor-element-caf376f e-flex e-con-boxed e-con e-parent\" data-id=\"caf376f\" data-element_type=\"container\" data-e-type=\"container\">\n\t\t\t\t\t<div class=\"e-con-inner\">\n\t\t\t\t<div class=\"elementor-element elementor-element-018e28c elementor-widget elementor-widget-heading\" data-id=\"018e28c\" data-element_type=\"widget\" data-e-type=\"widget\" data-widget_type=\"heading.default\">\n\t\t\t\t\t<h2 class=\"elementor-heading-title elementor-size-default\">Rezerviraj E-kolo<\/h2>\t\t\t\t<\/div>\n\t\t\t\t<div class=\"elementor-element elementor-element-2879115 elementor-button-align-stretch elementor-widget elementor-widget-form\" data-id=\"2879115\" data-element_type=\"widget\" data-e-type=\"widget\" data-settings=\"{&quot;step_next_label&quot;:&quot;Naprej&quot;,&quot;step_previous_label&quot;:&quot;Nazaj&quot;,&quot;button_width&quot;:&quot;100&quot;,&quot;step_type&quot;:&quot;number_text&quot;,&quot;step_icon_shape&quot;:&quot;circle&quot;}\" data-widget_type=\"form.default\">\n\t\t\t\t\t\t\t<form class=\"elementor-form\" method=\"post\" name=\"Rezervacija vodenja\" aria-label=\"Rezervacija vodenja\">\n\t\t\t<input type=\"hidden\" name=\"post_id\" value=\"7310\"\/>\n\t\t\t<input type=\"hidden\" name=\"form_id\" value=\"2879115\"\/>\n\t\t\t<input type=\"hidden\" name=\"referer_title\" value=\"Kolesarjenje - Apartmaji Sunrise Banovci\" \/>\n\n\t\t\t\t\t\t\t<input type=\"hidden\" name=\"queried_id\" value=\"7310\"\/>\n\t\t\t\n\t\t\t<div class=\"elementor-form-fields-wrapper elementor-labels-above\">\n\t\t\t\t\t\t\t\t<div class=\"elementor-field-type-text elementor-field-group elementor-column elementor-field-group-name elementor-col-100\">\n\t\t\t\t\t\t\t\t\t\t\t\t<label for=\"form-field-name\" class=\"elementor-field-label\">\n\t\t\t\t\t\t\t\tIme in priimek\t\t\t\t\t\t\t<\/label>\n\t\t\t\t\t\t\t\t\t\t\t\t\t\t<input size=\"1\" type=\"text\" name=\"form_fields[name]\" id=\"form-field-name\" class=\"elementor-field elementor-size-sm  elementor-field-textual\">\n\t\t\t\t\t\t\t\t\t\t\t<\/div>\n\t\t\t\t\t\t\t\t<div class=\"elementor-field-type-email elementor-field-group elementor-column elementor-field-group-email elementor-col-100 elementor-field-required\">\n\t\t\t\t\t\t\t\t\t\t\t\t<label for=\"form-field-email\" class=\"elementor-field-label\">\n\t\t\t\t\t\t\t\tEmail\t\t\t\t\t\t\t<\/label>\n\t\t\t\t\t\t\t\t\t\t\t\t\t\t<input size=\"1\" type=\"email\" name=\"form_fields[email]\" id=\"form-field-email\" class=\"elementor-field elementor-size-sm  elementor-field-textual\" required=\"required\">\n\t\t\t\t\t\t\t\t\t\t\t<\/div>\n\t\t\t\t\t\t\t\t<div class=\"elementor-field-type-tel elementor-field-group elementor-column elementor-field-group-field_8b5cc7b elementor-col-100\">\n\t\t\t\t\t\t\t\t\t\t\t\t<label for=\"form-field-field_8b5cc7b\" class=\"elementor-field-label\">\n\t\t\t\t\t\t\t\tTelefonska \u0161tevilka\t\t\t\t\t\t\t<\/label>\n\t\t\t\t\t\t\t\t<input size=\"1\" type=\"tel\" name=\"form_fields[field_8b5cc7b]\" id=\"form-field-field_8b5cc7b\" class=\"elementor-field elementor-size-sm  elementor-field-textual\" pattern=\"[0-9()#&amp;+*-=.]+\" title=\"Sprejemamo samo \u0161tevilke in znake za telefonsko \u0161tevilko (#, -, * itd.).\">\n\n\t\t\t\t\t\t<\/div>\n\t\t\t\t\t\t\t\t<div class=\"elementor-field-type-select elementor-field-group elementor-column elementor-field-group-field_7f94669 elementor-col-100\">\n\t\t\t\t\t\t\t\t\t\t\t\t<label for=\"form-field-field_7f94669\" class=\"elementor-field-label\">\n\t\t\t\t\t\t\t\t\u0160tevilo oseb\t\t\t\t\t\t\t<\/label>\n\t\t\t\t\t\t\t\t<div class=\"elementor-field elementor-select-wrapper remove-before \">\n\t\t\t<div class=\"select-caret-down-wrapper\">\n\t\t\t\t<svg aria-hidden=\"true\" class=\"e-font-icon-svg e-eicon-caret-down\" viewBox=\"0 0 571.4 571.4\" xmlns=\"http:\/\/www.w3.org\/2000\/svg\"><path d=\"M571 393Q571 407 561 418L311 668Q300 679 286 679T261 668L11 418Q0 407 0 393T11 368 36 357H536Q550 357 561 368T571 393Z\"><\/path><\/svg>\t\t\t<\/div>\n\t\t\t<select name=\"form_fields[field_7f94669]\" id=\"form-field-field_7f94669\" class=\"elementor-field-textual elementor-size-sm\">\n\t\t\t\t\t\t\t\t\t<option value=\"\"><\/option>\n\t\t\t\t\t\t\t\t\t<option value=\"Ne \u017eelim vodenja\">Ne \u017eelim vodenja<\/option>\n\t\t\t\t\t\t\t\t\t<option value=\"1 oseba - 25\u20ac\">1 oseba - 25\u20ac<\/option>\n\t\t\t\t\t\t\t\t\t<option value=\"2 osebi - 45\u20ac\">2 osebi - 45\u20ac<\/option>\n\t\t\t\t\t\t\t\t\t<option value=\"3 osebe - 60\u20ac\">3 osebe - 60\u20ac<\/option>\n\t\t\t\t\t\t\t\t\t<option value=\"4 osebe - 70\u20ac\">4 osebe - 70\u20ac<\/option>\n\t\t\t\t\t\t\t\t\t<option value=\"5 oseb - 75\u20ac\">5 oseb - 75\u20ac<\/option>\n\t\t\t\t\t\t\t\t\t<option value=\"6 oseb - 80\u20ac\">6 oseb - 80\u20ac<\/option>\n\t\t\t\t\t\t\t<\/select>\n\t\t<\/div>\n\t\t\t\t\t\t<\/div>\n\t\t\t\t\t\t\t\t<div class=\"elementor-field-type-select elementor-field-group elementor-column elementor-field-group-field_61276dd elementor-col-100 elementor-field-required\">\n\t\t\t\t\t\t\t\t\t\t\t\t<label for=\"form-field-field_61276dd\" class=\"elementor-field-label\">\n\t\t\t\t\t\t\t\tIzberi vodenje\t\t\t\t\t\t\t<\/label>\n\t\t\t\t\t\t\t\t<div class=\"elementor-field elementor-select-wrapper remove-before \">\n\t\t\t<div class=\"select-caret-down-wrapper\">\n\t\t\t\t<svg aria-hidden=\"true\" class=\"e-font-icon-svg e-eicon-caret-down\" viewBox=\"0 0 571.4 571.4\" xmlns=\"http:\/\/www.w3.org\/2000\/svg\"><path d=\"M571 393Q571 407 561 418L311 668Q300 679 286 679T261 668L11 418Q0 407 0 393T11 368 36 357H536Q550 357 561 368T571 393Z\"><\/path><\/svg>\t\t\t<\/div>\n\t\t\t<select name=\"form_fields[field_61276dd]\" id=\"form-field-field_61276dd\" class=\"elementor-field-textual elementor-size-sm\" required=\"required\">\n\t\t\t\t\t\t\t\t\t<option value=\"\"><\/option>\n\t\t\t\t\t\t\t\t\t<option value=\"Ne \u017eelim vodenja\">Ne \u017eelim vodenja<\/option>\n\t\t\t\t\t\t\t\t\t<option value=\"Vodenje ob\u010dina Ver\u017eej\">Vodenje ob\u010dina Ver\u017eej<\/option>\n\t\t\t\t\t\t\t\t\t<option value=\"Ob reki Muri\">Ob reki Muri<\/option>\n\t\t\t\t\t\t\t\t\t<option value=\"Vodenje Vinska cesta Jeruzalem\">Vodenje Vinska cesta Jeruzalem<\/option>\n\t\t\t\t\t\t\t<\/select>\n\t\t<\/div>\n\t\t\t\t\t\t<\/div>\n\t\t\t\t\t\t\t\t<div class=\"elementor-field-type-checkbox elementor-field-group elementor-column elementor-field-group-field_fa4bc40 elementor-col-100\">\n\t\t\t\t\t\t\t\t\t\t\t\t<label for=\"form-field-field_fa4bc40\" class=\"elementor-field-label\">\n\t\t\t\t\t\t\t\tPotrebujete E-kolo?\t\t\t\t\t\t\t<\/label>\n\t\t\t\t\t\t<div class=\"elementor-field-subgroup  elementor-subgroup-inline\"><span class=\"elementor-field-option\"><input type=\"checkbox\" value=\"Ne\" id=\"form-field-field_fa4bc40-0\" name=\"form_fields[field_fa4bc40][]\"> <label for=\"form-field-field_fa4bc40-0\">Ne<\/label><\/span><span class=\"elementor-field-option\"><input type=\"checkbox\" value=\"1 kolo - 30\u20ac\" id=\"form-field-field_fa4bc40-1\" name=\"form_fields[field_fa4bc40][]\"> <label for=\"form-field-field_fa4bc40-1\">1 kolo - 30\u20ac<\/label><\/span><span class=\"elementor-field-option\"><input type=\"checkbox\" value=\"2 kolesi - 60\u20ac\" id=\"form-field-field_fa4bc40-2\" name=\"form_fields[field_fa4bc40][]\"> <label for=\"form-field-field_fa4bc40-2\">2 kolesi - 60\u20ac<\/label><\/span><span class=\"elementor-field-option\"><input type=\"checkbox\" value=\"3 kolesa - 90\u20ac\" id=\"form-field-field_fa4bc40-3\" name=\"form_fields[field_fa4bc40][]\"> <label for=\"form-field-field_fa4bc40-3\">3 kolesa - 90\u20ac<\/label><\/span><span class=\"elementor-field-option\"><input type=\"checkbox\" value=\"4 kolesa - 120\u20ac\" id=\"form-field-field_fa4bc40-4\" name=\"form_fields[field_fa4bc40][]\"> <label for=\"form-field-field_fa4bc40-4\">4 kolesa - 120\u20ac<\/label><\/span><\/div>\t\t\t\t<\/div>\n\t\t\t\t\t\t\t\t<div class=\"elementor-field-group elementor-column elementor-field-type-submit elementor-col-100 e-form__buttons\">\n\t\t\t\t\t<button class=\"elementor-button elementor-size-sm\" type=\"submit\">\n\t\t\t\t\t\t<span class=\"elementor-button-content-wrapper\">\n\t\t\t\t\t\t\t\t\t\t\t\t\t\t\t\t\t\t\t\t\t\t<span class=\"elementor-button-text\">Rezerviraj<\/span>\n\t\t\t\t\t\t\t\t\t\t\t\t\t<\/span>\n\t\t\t\t\t<\/button>\n\t\t\t\t<\/div>\n\t\t\t<\/div>\n\t\t<\/form>\n\t\t\t\t\t\t<\/div>\n\t\t\t\t\t<\/div>\n\t\t\t\t<\/div>\n\t\t\t\t<section class=\"elementor-section elementor-top-section elementor-element elementor-element-414920b elementor-section-boxed elementor-section-height-default elementor-section-height-default\" data-id=\"414920b\" data-element_type=\"section\" data-e-type=\"section\">\n\t\t\t\t\t\t<div class=\"elementor-container elementor-column-gap-default\">\n\t\t\t\t\t<div class=\"elementor-column elementor-col-100 elementor-top-column elementor-element elementor-element-78e3924\" data-id=\"78e3924\" data-element_type=\"column\" data-e-type=\"column\">\n\t\t\t<div class=\"elementor-widget-wrap elementor-element-populated\">\n\t\t\t\t\t\t<div class=\"elementor-element elementor-element-b81ca28 elementor-widget elementor-widget-heading\" data-id=\"b81ca28\" data-element_type=\"widget\" data-e-type=\"widget\" data-widget_type=\"heading.default\">\n\t\t\t\t\t<h2 class=\"elementor-heading-title elementor-size-default\">Vodene kolesarske ture<\/h2>\t\t\t\t<\/div>\n\t\t\t\t<div class=\"elementor-element elementor-element-709178a elementor-widget elementor-widget-text-editor\" data-id=\"709178a\" data-element_type=\"widget\" data-e-type=\"widget\" data-widget_type=\"text-editor.default\">\n\t\t\t\t\t\t\t\t\t<p>Do\u017eivite Prlekijo na aktiven na\u010din! Organiziramo vodene kolesarske ture za pare, dru\u017eine in ve\u010dje skupine. Odkrijte slikovite vinske ceste, gri\u010de in ravnice ob reki Muri s pomo\u010djo vodnika.<br data-start=\"333\" data-end=\"336\" \/>Za udobno in spro\u0161\u010deno vo\u017enjo lahko pri nas najamete tudi elektri\u010dna kolesa.<\/p>\t\t\t\t\t\t\t\t<\/div>\n\t\t\t\t\t<\/div>\n\t\t<\/div>\n\t\t\t\t\t<\/div>\n\t\t<\/section>\n\t\t\t\t<section class=\"elementor-section elementor-top-section elementor-element elementor-element-258590e elementor-section-boxed elementor-section-height-default elementor-section-height-default\" data-id=\"258590e\" data-element_type=\"section\" data-e-type=\"section\">\n\t\t\t\t\t\t<div class=\"elementor-container elementor-column-gap-default\">\n\t\t\t\t\t<div class=\"elementor-column elementor-col-33 elementor-top-column elementor-element elementor-element-37d69f1\" data-id=\"37d69f1\" data-element_type=\"column\" data-e-type=\"column\">\n\t\t\t<div class=\"elementor-widget-wrap elementor-element-populated\">\n\t\t\t\t\t\t<div class=\"elementor-element elementor-element-b67276e elementor-cta--skin-classic elementor-animated-content elementor-bg-transform elementor-bg-transform-zoom-in elementor-widget elementor-widget-call-to-action\" data-id=\"b67276e\" data-element_type=\"widget\" data-e-type=\"widget\" data-widget_type=\"call-to-action.default\">\n\t\t\t\t\t\t\t<a class=\"elementor-cta\" href=\"https:\/\/apartmaji-banovci.si\/obcina-verzej\/\">\n\t\t\t\t\t<div class=\"elementor-cta__bg-wrapper\">\n\t\t\t\t<div class=\"elementor-cta__bg elementor-bg\" style=\"background-image: url(https:\/\/apartmaji-banovci.si\/wp-content\/uploads\/2023\/02\/mlin-mura-babic.jpg);\" role=\"img\" aria-label=\"mlin-mura-babi\u010d\"><\/div>\n\t\t\t\t<div class=\"elementor-cta__bg-overlay\"><\/div>\n\t\t\t<\/div>\n\t\t\t\t\t\t\t<div class=\"elementor-cta__content\">\n\t\t\t\t\n\t\t\t\t\t\t\t\t\t<h2 class=\"elementor-cta__title elementor-cta__content-item elementor-content-item\">\n\t\t\t\t\t\tOb\u010dina Ver\u017eej\t\t\t\t\t<\/h2>\n\t\t\t\t\n\t\t\t\t\t\t\t\t\t<div class=\"elementor-cta__description elementor-cta__content-item elementor-content-item\">\n\t\t\t\t\t\tTrajanje: 3 - 5 ur\t\t\t\t\t<\/div>\n\t\t\t\t\n\t\t\t\t\t\t\t\t\t<div class=\"elementor-cta__button-wrapper elementor-cta__content-item elementor-content-item \">\n\t\t\t\t\t<span class=\"elementor-cta__button elementor-button elementor-size-\">\n\t\t\t\t\t\tPreberi ve\u010d\t\t\t\t\t<\/span>\n\t\t\t\t\t<\/div>\n\t\t\t\t\t\t\t<\/div>\n\t\t\t\t\t\t<\/a>\n\t\t\t\t\t\t<\/div>\n\t\t\t\t\t<\/div>\n\t\t<\/div>\n\t\t\t\t<div class=\"elementor-column elementor-col-33 elementor-top-column elementor-element elementor-element-68d18b2\" data-id=\"68d18b2\" data-element_type=\"column\" data-e-type=\"column\">\n\t\t\t<div class=\"elementor-widget-wrap elementor-element-populated\">\n\t\t\t\t\t\t<div class=\"elementor-element elementor-element-6e160c5 elementor-cta--skin-classic elementor-animated-content elementor-bg-transform elementor-bg-transform-zoom-in elementor-widget elementor-widget-call-to-action\" data-id=\"6e160c5\" data-element_type=\"widget\" data-e-type=\"widget\" data-widget_type=\"call-to-action.default\">\n\t\t\t\t\t\t\t<a class=\"elementor-cta\" href=\"https:\/\/apartmaji-banovci.si\/ob-reki-muri\/\">\n\t\t\t\t\t<div class=\"elementor-cta__bg-wrapper\">\n\t\t\t\t<div class=\"elementor-cta__bg elementor-bg\" style=\"background-image: url(https:\/\/apartmaji-banovci.si\/wp-content\/uploads\/2022\/05\/mlin-na-muri-1.jpg);\" role=\"img\" aria-label=\"Babi\u010dev mlin na Muri\"><\/div>\n\t\t\t\t<div class=\"elementor-cta__bg-overlay\"><\/div>\n\t\t\t<\/div>\n\t\t\t\t\t\t\t<div class=\"elementor-cta__content\">\n\t\t\t\t\n\t\t\t\t\t\t\t\t\t<h2 class=\"elementor-cta__title elementor-cta__content-item elementor-content-item\">\n\t\t\t\t\t\tOb reki Muri\t\t\t\t\t<\/h2>\n\t\t\t\t\n\t\t\t\t\t\t\t\t\t<div class=\"elementor-cta__description elementor-cta__content-item elementor-content-item\">\n\t\t\t\t\t\tTrajanje: 3 - 5 ur\t\t\t\t\t<\/div>\n\t\t\t\t\n\t\t\t\t\t\t\t\t\t<div class=\"elementor-cta__button-wrapper elementor-cta__content-item elementor-content-item \">\n\t\t\t\t\t<span class=\"elementor-cta__button elementor-button elementor-size-\">\n\t\t\t\t\t\tPreberi ve\u010d\t\t\t\t\t<\/span>\n\t\t\t\t\t<\/div>\n\t\t\t\t\t\t\t<\/div>\n\t\t\t\t\t\t<\/a>\n\t\t\t\t\t\t<\/div>\n\t\t\t\t\t<\/div>\n\t\t<\/div>\n\t\t\t\t<div class=\"elementor-column elementor-col-33 elementor-top-column elementor-element elementor-element-dc7d6e7\" data-id=\"dc7d6e7\" data-element_type=\"column\" data-e-type=\"column\">\n\t\t\t<div class=\"elementor-widget-wrap elementor-element-populated\">\n\t\t\t\t\t\t<div class=\"elementor-element elementor-element-d1ff8cc elementor-cta--skin-classic elementor-animated-content elementor-bg-transform elementor-bg-transform-zoom-in elementor-widget elementor-widget-call-to-action\" data-id=\"d1ff8cc\" data-element_type=\"widget\" data-e-type=\"widget\" data-widget_type=\"call-to-action.default\">\n\t\t\t\t\t\t\t<a class=\"elementor-cta\" href=\"https:\/\/apartmaji-banovci.si\/dvorec-jeruzalem\/\">\n\t\t\t\t\t<div class=\"elementor-cta__bg-wrapper\">\n\t\t\t\t<div class=\"elementor-cta__bg elementor-bg\" style=\"background-image: url(https:\/\/apartmaji-banovci.si\/wp-content\/uploads\/2022\/03\/jeruzalem.jpg);\" role=\"img\" aria-label=\"Jeruzalem\"><\/div>\n\t\t\t\t<div class=\"elementor-cta__bg-overlay\"><\/div>\n\t\t\t<\/div>\n\t\t\t\t\t\t\t<div class=\"elementor-cta__content\">\n\t\t\t\t\n\t\t\t\t\t\t\t\t\t<h2 class=\"elementor-cta__title elementor-cta__content-item elementor-content-item\">\n\t\t\t\t\t\tVinska cesta Jeruzalem\t\t\t\t\t<\/h2>\n\t\t\t\t\n\t\t\t\t\t\t\t\t\t<div class=\"elementor-cta__description elementor-cta__content-item elementor-content-item\">\n\t\t\t\t\t\tTrajanje: 4 - 6 ur\t\t\t\t\t<\/div>\n\t\t\t\t\n\t\t\t\t\t\t\t\t\t<div class=\"elementor-cta__button-wrapper elementor-cta__content-item elementor-content-item \">\n\t\t\t\t\t<span class=\"elementor-cta__button elementor-button elementor-size-\">\n\t\t\t\t\t\tPreberi ve\u010d\t\t\t\t\t<\/span>\n\t\t\t\t\t<\/div>\n\t\t\t\t\t\t\t<\/div>\n\t\t\t\t\t\t<\/a>\n\t\t\t\t\t\t<\/div>\n\t\t\t\t\t<\/div>\n\t\t<\/div>\n\t\t\t\t\t<\/div>\n\t\t<\/section>\n\t\t\t\t<\/div>\n\t\t","protected":false},"excerpt":{"rendered":"<p>Rezerviraj E-kolo Vodene kolesarske ture Do\u017eivite Prlekijo na aktiven na\u010din! Organiziramo vodene kolesarske ture za pare, dru\u017eine in ve\u010dje skupine. Odkrijte slikovite vinske ceste, gri\u010de in ravnice ob reki Muri s pomo\u010djo vodnika.Za udobno in spro\u0161\u010deno vo\u017enjo lahko pri nas najamete tudi elektri\u010dna kolesa. Ob\u010dina Ver\u017eej Trajanje: 3 &#8211; 5 ur Preberi ve\u010d Ob reki [&hellip;]<\/p>\n","protected":false},"author":5,"featured_media":0,"parent":0,"menu_order":0,"comment_status":"closed","ping_status":"closed","template":"","meta":{"footnotes":""},"class_list":["post-7310","page","type-page","status-publish","hentry"],"yoast_head":"<!-- This site is optimized with the Yoast SEO plugin v27.4 - https:\/\/yoast.com\/product\/yoast-seo-wordpress\/ -->\n<title>Kolesarjenje - Apartmaji Sunrise Banovci<\/title>\n<meta name=\"robots\" content=\"index, follow, max-snippet:-1, max-image-preview:large, max-video-preview:-1\" \/>\n<link rel=\"canonical\" href=\"https:\/\/apartmaji-banovci.si\/hr\/kolesarjenje-2\/\" \/>\n<meta property=\"og:locale\" content=\"hr_HR\" \/>\n<meta property=\"og:type\" content=\"article\" \/>\n<meta property=\"og:title\" content=\"Kolesarjenje - Apartmaji Sunrise Banovci\" \/>\n<meta property=\"og:description\" content=\"Rezerviraj E-kolo Vodene kolesarske ture Do\u017eivite Prlekijo na aktiven na\u010din! Organiziramo vodene kolesarske ture za pare, dru\u017eine in ve\u010dje skupine. Odkrijte slikovite vinske ceste, gri\u010de in ravnice ob reki Muri s pomo\u010djo vodnika.Za udobno in spro\u0161\u010deno vo\u017enjo lahko pri nas najamete tudi elektri\u010dna kolesa. Ob\u010dina Ver\u017eej Trajanje: 3 &#8211; 5 ur Preberi ve\u010d Ob reki [&hellip;]\" \/>\n<meta property=\"og:url\" content=\"https:\/\/apartmaji-banovci.si\/hr\/kolesarjenje-2\/\" \/>\n<meta property=\"og:site_name\" content=\"Apartmaji Sunrise Banovci\" \/>\n<meta property=\"article:publisher\" content=\"https:\/\/www.facebook.com\/sunrisebanovci\/\" \/>\n<meta property=\"article:modified_time\" content=\"2026-04-16T17:02:26+00:00\" \/>\n<meta name=\"twitter:card\" content=\"summary_large_image\" \/>\n<meta name=\"twitter:label1\" content=\"Procijenjeno vrijeme \u010ditanja\" \/>\n\t<meta name=\"twitter:data1\" content=\"1 minuta\" \/>\n<script type=\"application\/ld+json\" class=\"yoast-schema-graph\">{\"@context\":\"https:\\\/\\\/schema.org\",\"@graph\":[{\"@type\":\"WebPage\",\"@id\":\"https:\\\/\\\/apartmaji-banovci.si\\\/kolesarjenje-2\\\/\",\"url\":\"https:\\\/\\\/apartmaji-banovci.si\\\/kolesarjenje-2\\\/\",\"name\":\"Kolesarjenje - Apartmaji Sunrise Banovci\",\"isPartOf\":{\"@id\":\"https:\\\/\\\/apartmaji-banovci.si\\\/#website\"},\"datePublished\":\"2022-05-18T14:49:35+00:00\",\"dateModified\":\"2026-04-16T17:02:26+00:00\",\"breadcrumb\":{\"@id\":\"https:\\\/\\\/apartmaji-banovci.si\\\/kolesarjenje-2\\\/#breadcrumb\"},\"inLanguage\":\"hr\",\"potentialAction\":[{\"@type\":\"ReadAction\",\"target\":[\"https:\\\/\\\/apartmaji-banovci.si\\\/kolesarjenje-2\\\/\"]}]},{\"@type\":\"BreadcrumbList\",\"@id\":\"https:\\\/\\\/apartmaji-banovci.si\\\/kolesarjenje-2\\\/#breadcrumb\",\"itemListElement\":[{\"@type\":\"ListItem\",\"position\":1,\"name\":\"Home\",\"item\":\"https:\\\/\\\/apartmaji-banovci.si\\\/\"},{\"@type\":\"ListItem\",\"position\":2,\"name\":\"Kolesarjenje\"}]},{\"@type\":\"WebSite\",\"@id\":\"https:\\\/\\\/apartmaji-banovci.si\\\/#website\",\"url\":\"https:\\\/\\\/apartmaji-banovci.si\\\/\",\"name\":\"Apartmaji Sunrise Banovci\",\"description\":\"Apartmaji Banovci\",\"potentialAction\":[{\"@type\":\"SearchAction\",\"target\":{\"@type\":\"EntryPoint\",\"urlTemplate\":\"https:\\\/\\\/apartmaji-banovci.si\\\/?s={search_term_string}\"},\"query-input\":{\"@type\":\"PropertyValueSpecification\",\"valueRequired\":true,\"valueName\":\"search_term_string\"}}],\"inLanguage\":\"hr\"}]}<\/script>\n<!-- \/ Yoast SEO plugin. -->","yoast_head_json":{"title":"Kolesarjenje - Apartmaji Sunrise Banovci","robots":{"index":"index","follow":"follow","max-snippet":"max-snippet:-1","max-image-preview":"max-image-preview:large","max-video-preview":"max-video-preview:-1"},"canonical":"https:\/\/apartmaji-banovci.si\/hr\/kolesarjenje-2\/","og_locale":"hr_HR","og_type":"article","og_title":"Kolesarjenje - Apartmaji Sunrise Banovci","og_description":"Rezerviraj E-kolo Vodene kolesarske ture Do\u017eivite Prlekijo na aktiven na\u010din! Organiziramo vodene kolesarske ture za pare, dru\u017eine in ve\u010dje skupine. Odkrijte slikovite vinske ceste, gri\u010de in ravnice ob reki Muri s pomo\u010djo vodnika.Za udobno in spro\u0161\u010deno vo\u017enjo lahko pri nas najamete tudi elektri\u010dna kolesa. Ob\u010dina Ver\u017eej Trajanje: 3 &#8211; 5 ur Preberi ve\u010d Ob reki [&hellip;]","og_url":"https:\/\/apartmaji-banovci.si\/hr\/kolesarjenje-2\/","og_site_name":"Apartmaji Sunrise Banovci","article_publisher":"https:\/\/www.facebook.com\/sunrisebanovci\/","article_modified_time":"2026-04-16T17:02:26+00:00","twitter_card":"summary_large_image","twitter_misc":{"Procijenjeno vrijeme \u010ditanja":"1 minuta"},"schema":{"@context":"https:\/\/schema.org","@graph":[{"@type":"WebPage","@id":"https:\/\/apartmaji-banovci.si\/kolesarjenje-2\/","url":"https:\/\/apartmaji-banovci.si\/kolesarjenje-2\/","name":"Kolesarjenje - Apartmaji Sunrise Banovci","isPartOf":{"@id":"https:\/\/apartmaji-banovci.si\/#website"},"datePublished":"2022-05-18T14:49:35+00:00","dateModified":"2026-04-16T17:02:26+00:00","breadcrumb":{"@id":"https:\/\/apartmaji-banovci.si\/kolesarjenje-2\/#breadcrumb"},"inLanguage":"hr","potentialAction":[{"@type":"ReadAction","target":["https:\/\/apartmaji-banovci.si\/kolesarjenje-2\/"]}]},{"@type":"BreadcrumbList","@id":"https:\/\/apartmaji-banovci.si\/kolesarjenje-2\/#breadcrumb","itemListElement":[{"@type":"ListItem","position":1,"name":"Home","item":"https:\/\/apartmaji-banovci.si\/"},{"@type":"ListItem","position":2,"name":"Kolesarjenje"}]},{"@type":"WebSite","@id":"https:\/\/apartmaji-banovci.si\/#website","url":"https:\/\/apartmaji-banovci.si\/","name":"Apartmani Sunrise Banovci","description":"Apartmani Banovci","potentialAction":[{"@type":"SearchAction","target":{"@type":"EntryPoint","urlTemplate":"https:\/\/apartmaji-banovci.si\/?s={search_term_string}"},"query-input":{"@type":"PropertyValueSpecification","valueRequired":true,"valueName":"search_term_string"}}],"inLanguage":"hr"}]}},"_links":{"self":[{"href":"https:\/\/apartmaji-banovci.si\/hr\/wp-json\/wp\/v2\/pages\/7310","targetHints":{"allow":["GET"]}}],"collection":[{"href":"https:\/\/apartmaji-banovci.si\/hr\/wp-json\/wp\/v2\/pages"}],"about":[{"href":"https:\/\/apartmaji-banovci.si\/hr\/wp-json\/wp\/v2\/types\/page"}],"author":[{"embeddable":true,"href":"https:\/\/apartmaji-banovci.si\/hr\/wp-json\/wp\/v2\/users\/5"}],"replies":[{"embeddable":true,"href":"https:\/\/apartmaji-banovci.si\/hr\/wp-json\/wp\/v2\/comments?post=7310"}],"version-history":[{"count":153,"href":"https:\/\/apartmaji-banovci.si\/hr\/wp-json\/wp\/v2\/pages\/7310\/revisions"}],"predecessor-version":[{"id":10421,"href":"https:\/\/apartmaji-banovci.si\/hr\/wp-json\/wp\/v2\/pages\/7310\/revisions\/10421"}],"wp:attachment":[{"href":"https:\/\/apartmaji-banovci.si\/hr\/wp-json\/wp\/v2\/media?parent=7310"}],"curies":[{"name":"radni list","href":"https:\/\/api.w.org\/{rel}","templated":true}]}}