{"id":8627,"date":"2023-03-07T15:54:47","date_gmt":"2023-03-07T14:54:47","guid":{"rendered":"https:\/\/apartmaji-banovci.si\/?page_id=8627"},"modified":"2023-07-12T16:55:08","modified_gmt":"2023-07-12T14:55:08","slug":"paviljon-expano","status":"publish","type":"page","link":"https:\/\/apartmaji-banovci.si\/hr\/paviljon-expano\/","title":{"rendered":"Paviljon Expano i Sobo\u0161ko jezero"},"content":{"rendered":"<div data-elementor-type=\"wp-page\" data-elementor-id=\"8627\" class=\"elementor elementor-8627\" data-elementor-post-type=\"page\">\n\t\t\t\t\t\t<section class=\"elementor-section elementor-top-section elementor-element elementor-element-5e0c45d elementor-section-boxed elementor-section-height-default elementor-section-height-default\" data-id=\"5e0c45d\" data-element_type=\"section\" data-e-type=\"section\">\n\t\t\t\t\t\t<div class=\"elementor-container elementor-column-gap-default\">\n\t\t\t\t\t<div class=\"elementor-column elementor-col-50 elementor-top-column elementor-element elementor-element-e08cc59\" data-id=\"e08cc59\" data-element_type=\"column\" data-e-type=\"column\">\n\t\t\t<div class=\"elementor-widget-wrap elementor-element-populated\">\n\t\t\t\t\t\t<div class=\"elementor-element elementor-element-472fe5f elementor-arrows-position-inside elementor-pagination-position-outside elementor-widget elementor-widget-image-carousel\" data-id=\"472fe5f\" data-element_type=\"widget\" data-e-type=\"widget\" data-settings=\"{&quot;slides_to_show&quot;:&quot;1&quot;,&quot;navigation&quot;:&quot;both&quot;,&quot;autoplay&quot;:&quot;yes&quot;,&quot;pause_on_hover&quot;:&quot;yes&quot;,&quot;pause_on_interaction&quot;:&quot;yes&quot;,&quot;autoplay_speed&quot;:5000,&quot;infinite&quot;:&quot;yes&quot;,&quot;effect&quot;:&quot;slide&quot;,&quot;speed&quot;:500}\" data-widget_type=\"image-carousel.default\">\n\t\t\t\t\t\t\t<div class=\"elementor-image-carousel-wrapper swiper\" role=\"region\" aria-roledescription=\"carousel\" aria-label=\"Karusel slika\" dir=\"ltr\">\n\t\t\t<div class=\"elementor-image-carousel swiper-wrapper\" aria-live=\"off\">\n\t\t\t\t\t\t\t\t<div class=\"swiper-slide\" role=\"group\" aria-roledescription=\"slide\" aria-label=\"1 of 4\" data-no-translation-aria-label=\"\"><figure class=\"swiper-slide-inner\"><img decoding=\"async\" class=\"swiper-slide-image\" src=\"https:\/\/apartmaji-banovci.si\/wp-content\/uploads\/2022\/01\/expano-2.jpg\" alt=\"Expano\" \/><\/figure><\/div><div class=\"swiper-slide\" role=\"group\" aria-roledescription=\"slide\" aria-label=\"2 of 4\" data-no-translation-aria-label=\"\"><figure class=\"swiper-slide-inner\"><img decoding=\"async\" class=\"swiper-slide-image\" src=\"https:\/\/apartmaji-banovci.si\/wp-content\/uploads\/2022\/05\/sobosko-jezero.jpg\" alt=\"Sobo\u0161ko jezero\" \/><\/figure><\/div><div class=\"swiper-slide\" role=\"group\" aria-roledescription=\"slide\" aria-label=\"3 of 4\" data-no-translation-aria-label=\"\"><figure class=\"swiper-slide-inner\"><img decoding=\"async\" class=\"swiper-slide-image\" src=\"https:\/\/apartmaji-banovci.si\/wp-content\/uploads\/2022\/05\/sobosko-jezero-2.jpg\" alt=\"Sobo\u0161ko jezero\" \/><\/figure><\/div><div class=\"swiper-slide\" role=\"group\" aria-roledescription=\"slide\" aria-label=\"4 of 4\" data-no-translation-aria-label=\"\"><figure class=\"swiper-slide-inner\"><img decoding=\"async\" class=\"swiper-slide-image\" src=\"https:\/\/apartmaji-banovci.si\/wp-content\/uploads\/2022\/01\/expano-1.jpg\" alt=\"Expano\" \/><\/figure><\/div>\t\t\t<\/div>\n\t\t\t\t\t\t\t\t\t\t\t\t<div class=\"elementor-swiper-button elementor-swiper-button-prev\" role=\"button\" tabindex=\"0\">\n\t\t\t\t\t\t<svg aria-hidden=\"true\" class=\"e-font-icon-svg e-eicon-chevron-left\" viewbox=\"0 0 1000 1000\" xmlns=\"http:\/\/www.w3.org\/2000\/svg\"><path d=\"M646 125C629 125 613 133 604 142L308 442C296 454 292 471 292 487 292 504 296 521 308 533L604 854C617 867 629 875 646 875 663 875 679 871 692 858 704 846 713 829 713 812 713 796 708 779 692 767L438 487 692 225C700 217 708 204 708 187 708 171 704 154 692 142 675 129 663 125 646 125Z\"><\/path><\/svg>\t\t\t\t\t<\/div>\n\t\t\t\t\t<div class=\"elementor-swiper-button elementor-swiper-button-next\" role=\"button\" tabindex=\"0\">\n\t\t\t\t\t\t<svg aria-hidden=\"true\" class=\"e-font-icon-svg e-eicon-chevron-right\" viewbox=\"0 0 1000 1000\" xmlns=\"http:\/\/www.w3.org\/2000\/svg\"><path d=\"M696 533C708 521 713 504 713 487 713 471 708 454 696 446L400 146C388 133 375 125 354 125 338 125 325 129 313 142 300 154 292 171 292 187 292 204 296 221 308 233L563 492 304 771C292 783 288 800 288 817 288 833 296 850 308 863 321 871 338 875 354 875 371 875 388 867 400 854L696 533Z\"><\/path><\/svg>\t\t\t\t\t<\/div>\n\t\t\t\t\n\t\t\t\t\t\t\t\t\t<div class=\"swiper-pagination\"><\/div>\n\t\t\t\t\t\t\t\t\t<\/div>\n\t\t\t\t\t\t<\/div>\n\t\t\t\t\t<\/div>\n\t\t<\/div>\n\t\t\t\t<div class=\"elementor-column elementor-col-50 elementor-top-column elementor-element elementor-element-75459ae\" data-id=\"75459ae\" data-element_type=\"column\" data-e-type=\"column\">\n\t\t\t<div class=\"elementor-widget-wrap elementor-element-populated\">\n\t\t\t\t\t\t<div class=\"elementor-element elementor-element-4b6ab59 elementor-widget elementor-widget-text-editor\" data-id=\"4b6ab59\" data-element_type=\"widget\" data-e-type=\"widget\" data-widget_type=\"text-editor.default\">\n\t\t\t\t\t\t\t\t\t<p>Virtualni do\u017eivljaj Pomurja. Pomicanje vode uz pomo\u0107 misli, gledanje Panofilma, virtualni let balonom, slu\u0161anje pomurske glazbe, razgledavanje stvaranja Pomurja,... Mo\u017eete \u0161etati Sobo\u0161kim jezerom, le\u017eati na pla\u017ei, kupati se u jezeru, posjetiti motorni park, iznajmiti sup ili kajak...\u00a0<\/p><p>Ulaznica u Expano paviljon (nema ulaznice za Sobo\u0161ko jezero):<\/p><ul><li>Odrasli: <strong>10,80\u20ac<\/strong>\/osoba<\/li><li>Djeca do 6 godina: <strong>Slobodan ulaz<\/strong><\/li><li>Djeca od 6 do 15 godina: <strong>7,20\u20ac<\/strong><\/li><li>Obitelj (2 odrasle osobe + 1 ili vi\u0161e djece do 15 godina): <strong>25,20\u20ac<\/strong><\/li><\/ul><p>*Navedene cijene ve\u0107 uklju\u010duju na\u0161 popust. Kupon za popust preuzimate prilikom dolaska na recepciju.<\/p>\t\t\t\t\t\t\t\t<\/div>\n\t\t\t\t\t<\/div>\n\t\t<\/div>\n\t\t\t\t\t<\/div>\n\t\t<\/section>\n\t\t\t\t<\/div>","protected":false},"excerpt":{"rendered":"<p>Virtualno do\u017eivetje Pomurja. Premikanje vode s pomo\u010djo misli, ogled Panofilma, virtualni polet z balonom, poslu\u0161anje pomurske glasbe, ogled nastanka Pomurja,&#8230;. Ob sobo\u0161kem jezeru se lahko sprehajate, pole\u017eavate na pla\u017ei, kopate v jezeru, obi\u0161\u010dete motori\u010dni park, najamete sup ali kajak,&#8230;\u00a0 Vstopnina v paviljon Expano (za sobo\u0161ko jezero ni vstopnine): Odrasli: 10,80\u20ac\/osebo Otroci do 6 let: Brezpla\u010den [&hellip;]<\/p>\n","protected":false},"author":5,"featured_media":0,"parent":0,"menu_order":0,"comment_status":"closed","ping_status":"closed","template":"","meta":{"footnotes":""},"class_list":["post-8627","page","type-page","status-publish","hentry"],"yoast_head":"<!-- This site is optimized with the Yoast SEO plugin v27.6 - https:\/\/yoast.com\/product\/yoast-seo-wordpress\/ -->\n<title>Paviljon Expano in sobo\u0161ko jezero - Apartmaji Sunrise Banovci<\/title>\n<meta name=\"robots\" content=\"index, follow, max-snippet:-1, max-image-preview:large, max-video-preview:-1\" \/>\n<link rel=\"canonical\" href=\"https:\/\/apartmaji-banovci.si\/hr\/paviljon-expano\/\" \/>\n<meta property=\"og:locale\" content=\"hr_HR\" \/>\n<meta property=\"og:type\" content=\"article\" \/>\n<meta property=\"og:title\" content=\"Paviljon Expano in sobo\u0161ko jezero - Apartmaji Sunrise Banovci\" \/>\n<meta property=\"og:description\" content=\"Virtualno do\u017eivetje Pomurja. Premikanje vode s pomo\u010djo misli, ogled Panofilma, virtualni polet z balonom, poslu\u0161anje pomurske glasbe, ogled nastanka Pomurja,&#8230;. Ob sobo\u0161kem jezeru se lahko sprehajate, pole\u017eavate na pla\u017ei, kopate v jezeru, obi\u0161\u010dete motori\u010dni park, najamete sup ali kajak,&#8230;\u00a0 Vstopnina v paviljon Expano (za sobo\u0161ko jezero ni vstopnine): Odrasli: 10,80\u20ac\/osebo Otroci do 6 let: Brezpla\u010den [&hellip;]\" \/>\n<meta property=\"og:url\" content=\"https:\/\/apartmaji-banovci.si\/hr\/paviljon-expano\/\" \/>\n<meta property=\"og:site_name\" content=\"Apartmaji Sunrise Banovci\" \/>\n<meta property=\"article:publisher\" content=\"https:\/\/www.facebook.com\/sunrisebanovci\/\" \/>\n<meta property=\"article:modified_time\" content=\"2023-07-12T14:55:08+00:00\" \/>\n<meta property=\"og:image\" content=\"https:\/\/apartmaji-banovci.si\/wp-content\/uploads\/2022\/01\/expano-2.jpg\" \/>\n<meta name=\"twitter:card\" content=\"summary_large_image\" \/>\n<meta name=\"twitter:label1\" content=\"Procijenjeno vrijeme \u010ditanja\" \/>\n\t<meta name=\"twitter:data1\" content=\"2 minute\" \/>\n<script type=\"application\/ld+json\" class=\"yoast-schema-graph\">{\"@context\":\"https:\\\/\\\/schema.org\",\"@graph\":[{\"@type\":\"WebPage\",\"@id\":\"https:\\\/\\\/apartmaji-banovci.si\\\/paviljon-expano\\\/\",\"url\":\"https:\\\/\\\/apartmaji-banovci.si\\\/paviljon-expano\\\/\",\"name\":\"Paviljon Expano in sobo\u0161ko jezero - Apartmaji Sunrise Banovci\",\"isPartOf\":{\"@id\":\"https:\\\/\\\/apartmaji-banovci.si\\\/#website\"},\"primaryImageOfPage\":{\"@id\":\"https:\\\/\\\/apartmaji-banovci.si\\\/paviljon-expano\\\/#primaryimage\"},\"image\":{\"@id\":\"https:\\\/\\\/apartmaji-banovci.si\\\/paviljon-expano\\\/#primaryimage\"},\"thumbnailUrl\":\"https:\\\/\\\/apartmaji-banovci.si\\\/wp-content\\\/uploads\\\/2022\\\/01\\\/expano-2.jpg\",\"datePublished\":\"2023-03-07T14:54:47+00:00\",\"dateModified\":\"2023-07-12T14:55:08+00:00\",\"breadcrumb\":{\"@id\":\"https:\\\/\\\/apartmaji-banovci.si\\\/paviljon-expano\\\/#breadcrumb\"},\"inLanguage\":\"hr\",\"potentialAction\":[{\"@type\":\"ReadAction\",\"target\":[\"https:\\\/\\\/apartmaji-banovci.si\\\/paviljon-expano\\\/\"]}]},{\"@type\":\"ImageObject\",\"inLanguage\":\"hr\",\"@id\":\"https:\\\/\\\/apartmaji-banovci.si\\\/paviljon-expano\\\/#primaryimage\",\"url\":\"https:\\\/\\\/apartmaji-banovci.si\\\/wp-content\\\/uploads\\\/2022\\\/01\\\/expano-2.jpg\",\"contentUrl\":\"https:\\\/\\\/apartmaji-banovci.si\\\/wp-content\\\/uploads\\\/2022\\\/01\\\/expano-2.jpg\"},{\"@type\":\"BreadcrumbList\",\"@id\":\"https:\\\/\\\/apartmaji-banovci.si\\\/paviljon-expano\\\/#breadcrumb\",\"itemListElement\":[{\"@type\":\"ListItem\",\"position\":1,\"name\":\"Home\",\"item\":\"https:\\\/\\\/apartmaji-banovci.si\\\/\"},{\"@type\":\"ListItem\",\"position\":2,\"name\":\"Paviljon Expano in sobo\u0161ko jezero\"}]},{\"@type\":\"WebSite\",\"@id\":\"https:\\\/\\\/apartmaji-banovci.si\\\/#website\",\"url\":\"https:\\\/\\\/apartmaji-banovci.si\\\/\",\"name\":\"Apartmaji Sunrise Banovci\",\"description\":\"Apartmaji Banovci\",\"potentialAction\":[{\"@type\":\"SearchAction\",\"target\":{\"@type\":\"EntryPoint\",\"urlTemplate\":\"https:\\\/\\\/apartmaji-banovci.si\\\/?s={search_term_string}\"},\"query-input\":{\"@type\":\"PropertyValueSpecification\",\"valueRequired\":true,\"valueName\":\"search_term_string\"}}],\"inLanguage\":\"hr\"}]}<\/script>\n<!-- \/ Yoast SEO plugin. -->","yoast_head_json":{"title":"Paviljon Expano in sobo\u0161ko jezero - Apartmaji Sunrise Banovci","robots":{"index":"index","follow":"follow","max-snippet":"max-snippet:-1","max-image-preview":"max-image-preview:large","max-video-preview":"max-video-preview:-1"},"canonical":"https:\/\/apartmaji-banovci.si\/hr\/paviljon-expano\/","og_locale":"hr_HR","og_type":"article","og_title":"Paviljon Expano in sobo\u0161ko jezero - Apartmaji Sunrise Banovci","og_description":"Virtualno do\u017eivetje Pomurja. Premikanje vode s pomo\u010djo misli, ogled Panofilma, virtualni polet z balonom, poslu\u0161anje pomurske glasbe, ogled nastanka Pomurja,&#8230;. Ob sobo\u0161kem jezeru se lahko sprehajate, pole\u017eavate na pla\u017ei, kopate v jezeru, obi\u0161\u010dete motori\u010dni park, najamete sup ali kajak,&#8230;\u00a0 Vstopnina v paviljon Expano (za sobo\u0161ko jezero ni vstopnine): Odrasli: 10,80\u20ac\/osebo Otroci do 6 let: Brezpla\u010den [&hellip;]","og_url":"https:\/\/apartmaji-banovci.si\/hr\/paviljon-expano\/","og_site_name":"Apartmaji Sunrise Banovci","article_publisher":"https:\/\/www.facebook.com\/sunrisebanovci\/","article_modified_time":"2023-07-12T14:55:08+00:00","og_image":[{"url":"https:\/\/apartmaji-banovci.si\/wp-content\/uploads\/2022\/01\/expano-2.jpg","type":"","width":"","height":""}],"twitter_card":"summary_large_image","twitter_misc":{"Procijenjeno vrijeme \u010ditanja":"2 minute"},"schema":{"@context":"https:\/\/schema.org","@graph":[{"@type":"WebPage","@id":"https:\/\/apartmaji-banovci.si\/paviljon-expano\/","url":"https:\/\/apartmaji-banovci.si\/paviljon-expano\/","name":"Paviljon Expano in sobo\u0161ko jezero - Apartmaji Sunrise Banovci","isPartOf":{"@id":"https:\/\/apartmaji-banovci.si\/#website"},"primaryImageOfPage":{"@id":"https:\/\/apartmaji-banovci.si\/paviljon-expano\/#primaryimage"},"image":{"@id":"https:\/\/apartmaji-banovci.si\/paviljon-expano\/#primaryimage"},"thumbnailUrl":"https:\/\/apartmaji-banovci.si\/wp-content\/uploads\/2022\/01\/expano-2.jpg","datePublished":"2023-03-07T14:54:47+00:00","dateModified":"2023-07-12T14:55:08+00:00","breadcrumb":{"@id":"https:\/\/apartmaji-banovci.si\/paviljon-expano\/#breadcrumb"},"inLanguage":"hr","potentialAction":[{"@type":"ReadAction","target":["https:\/\/apartmaji-banovci.si\/paviljon-expano\/"]}]},{"@type":"ImageObject","inLanguage":"hr","@id":"https:\/\/apartmaji-banovci.si\/paviljon-expano\/#primaryimage","url":"https:\/\/apartmaji-banovci.si\/wp-content\/uploads\/2022\/01\/expano-2.jpg","contentUrl":"https:\/\/apartmaji-banovci.si\/wp-content\/uploads\/2022\/01\/expano-2.jpg"},{"@type":"BreadcrumbList","@id":"https:\/\/apartmaji-banovci.si\/paviljon-expano\/#breadcrumb","itemListElement":[{"@type":"ListItem","position":1,"name":"Home","item":"https:\/\/apartmaji-banovci.si\/"},{"@type":"ListItem","position":2,"name":"Paviljon Expano in sobo\u0161ko jezero"}]},{"@type":"WebSite","@id":"https:\/\/apartmaji-banovci.si\/#website","url":"https:\/\/apartmaji-banovci.si\/","name":"Apartmani Sunrise Banovci","description":"Apartmani Banovci","potentialAction":[{"@type":"SearchAction","target":{"@type":"EntryPoint","urlTemplate":"https:\/\/apartmaji-banovci.si\/?s={search_term_string}"},"query-input":{"@type":"PropertyValueSpecification","valueRequired":true,"valueName":"search_term_string"}}],"inLanguage":"hr"}]}},"_links":{"self":[{"href":"https:\/\/apartmaji-banovci.si\/hr\/wp-json\/wp\/v2\/pages\/8627","targetHints":{"allow":["GET"]}}],"collection":[{"href":"https:\/\/apartmaji-banovci.si\/hr\/wp-json\/wp\/v2\/pages"}],"about":[{"href":"https:\/\/apartmaji-banovci.si\/hr\/wp-json\/wp\/v2\/types\/page"}],"author":[{"embeddable":true,"href":"https:\/\/apartmaji-banovci.si\/hr\/wp-json\/wp\/v2\/users\/5"}],"replies":[{"embeddable":true,"href":"https:\/\/apartmaji-banovci.si\/hr\/wp-json\/wp\/v2\/comments?post=8627"}],"version-history":[{"count":17,"href":"https:\/\/apartmaji-banovci.si\/hr\/wp-json\/wp\/v2\/pages\/8627\/revisions"}],"predecessor-version":[{"id":8966,"href":"https:\/\/apartmaji-banovci.si\/hr\/wp-json\/wp\/v2\/pages\/8627\/revisions\/8966"}],"wp:attachment":[{"href":"https:\/\/apartmaji-banovci.si\/hr\/wp-json\/wp\/v2\/media?parent=8627"}],"curies":[{"name":"radni list","href":"https:\/\/api.w.org\/{rel}","templated":true}]}}